{"id":1357,"date":"2020-11-24T18:08:08","date_gmt":"2020-11-25T00:08:08","guid":{"rendered":"http:\/\/3.96.13.48\/?page_id=1357"},"modified":"2026-02-19T17:11:15","modified_gmt":"2026-02-19T22:11:15","slug":"legal","status":"publish","type":"page","link":"https:\/\/wellington-altus.ca\/fr\/legal\/","title":{"rendered":"Aspects juridiques"},"content":{"rendered":"<div data-elementor-type=\"wp-page\" data-elementor-id=\"1357\" class=\"elementor elementor-1357\" data-elementor-post-type=\"page\">\n\t\t\t\t\t\t<section class=\"elementor-section elementor-top-section elementor-element elementor-element-5887be1 elementor-section-height-min-height elementor-section-content-bottom elementor-section-boxed elementor-section-height-default elementor-section-items-middle\" data-id=\"5887be1\" data-element_type=\"section\" data-e-type=\"section\" data-settings=\"{&quot;background_background&quot;:&quot;gradient&quot;}\">\n\t\t\t\t\t\t\t<div class=\"elementor-background-overlay\"><\/div>\n\t\t\t\t\t\t\t<div class=\"elementor-container elementor-column-gap-default\">\n\t\t\t\t\t<div class=\"elementor-column elementor-col-100 elementor-top-column elementor-element elementor-element-d2f3d2a\" data-id=\"d2f3d2a\" data-element_type=\"column\" data-e-type=\"column\">\n\t\t\t<div class=\"elementor-widget-wrap elementor-element-populated\">\n\t\t\t\t\t\t<div class=\"elementor-element elementor-element-e8c94c8 elementor-widget elementor-widget-heading\" data-id=\"e8c94c8\" data-element_type=\"widget\" data-e-type=\"widget\" data-widget_type=\"heading.default\">\n\t\t\t\t<div class=\"elementor-widget-container\">\n\t\t\t\t\t<h1 class=\"elementor-heading-title elementor-size-default\">Aspects juridiques<\/h1>\t\t\t\t<\/div>\n\t\t\t\t<\/div>\n\t\t\t\t\t<\/div>\n\t\t<\/div>\n\t\t\t\t\t<\/div>\n\t\t<\/section>\n\t\t\t\t<section class=\"elementor-section elementor-top-section elementor-element elementor-element-dc5d59b elementor-section-boxed elementor-section-height-default elementor-section-height-default\" data-id=\"dc5d59b\" data-element_type=\"section\" data-e-type=\"section\">\n\t\t\t\t\t\t<div class=\"elementor-container elementor-column-gap-wider\">\n\t\t\t\t\t<div class=\"elementor-column elementor-col-100 elementor-top-column elementor-element elementor-element-2daf083\" data-id=\"2daf083\" data-element_type=\"column\" data-e-type=\"column\">\n\t\t\t<div class=\"elementor-widget-wrap elementor-element-populated\">\n\t\t\t\t\t\t<div class=\"elementor-element elementor-element-61c6ca0 elementor-widget elementor-widget-heading\" data-id=\"61c6ca0\" data-element_type=\"widget\" data-e-type=\"widget\" data-widget_type=\"heading.default\">\n\t\t\t\t<div class=\"elementor-widget-container\">\n\t\t\t\t\t<h2 class=\"elementor-heading-title elementor-size-default\">Documents juridiques<\/h2>\t\t\t\t<\/div>\n\t\t\t\t<\/div>\n\t\t\t\t<div class=\"elementor-element elementor-element-515b53c elementor-widget elementor-widget-text-editor\" data-id=\"515b53c\" data-element_type=\"widget\" data-e-type=\"widget\" data-widget_type=\"text-editor.default\">\n\t\t\t\t<div class=\"elementor-widget-container\">\n\t\t\t\t\t\t\t\t\t<p>Par souci de transparence, nous offrons les documents d\u2019information suivants :<\/p>\t\t\t\t\t\t\t\t<\/div>\n\t\t\t\t<\/div>\n\t\t\t\t<div class=\"elementor-element elementor-element-b9c9252 elementor-icon-list--layout-traditional elementor-list-item-link-full_width elementor-widget elementor-widget-icon-list\" data-id=\"b9c9252\" data-element_type=\"widget\" data-e-type=\"widget\" data-widget_type=\"icon-list.default\">\n\t\t\t\t<div class=\"elementor-widget-container\">\n\t\t\t\t\t<style>.elementor-element-b9c9252{display:none !important}<\/style>\t\t\t\t<\/div>\n\t\t\t\t<\/div>\n\t\t\t\t<section class=\"elementor-section elementor-inner-section elementor-element elementor-element-f2135fb elementor-section-boxed elementor-section-height-default elementor-section-height-default\" data-id=\"f2135fb\" data-element_type=\"section\" data-e-type=\"section\">\n\t\t\t\t\t\t<div class=\"elementor-container elementor-column-gap-no\">\n\t\t\t\t\t<div class=\"elementor-column elementor-col-100 elementor-inner-column elementor-element elementor-element-07d7dca\" data-id=\"07d7dca\" data-element_type=\"column\" data-e-type=\"column\">\n\t\t\t<div class=\"elementor-widget-wrap elementor-element-populated\">\n\t\t\t\t\t\t<div class=\"elementor-element elementor-element-79b09b8 elementor-icon-list--layout-traditional elementor-list-item-link-full_width elementor-widget elementor-widget-icon-list\" data-id=\"79b09b8\" data-element_type=\"widget\" data-e-type=\"widget\" data-widget_type=\"icon-list.default\">\n\t\t\t\t<div class=\"elementor-widget-container\">\n\t\t\t\t\t\t\t<ul class=\"elementor-icon-list-items\">\n\t\t\t\t\t\t\t<li class=\"elementor-icon-list-item\">\n\t\t\t\t\t\t\t\t\t\t\t<a href=\"https:\/\/wellington-altus.ca\/wp-content\/uploads\/2026\/02\/WAPW-112-2-2026-F-Document-de-Divulgation-des-Relations.pdf\" target=\"_blank\">\n\n\t\t\t\t\t\t\t\t\t\t\t\t<span class=\"elementor-icon-list-icon\">\n\t\t\t\t\t\t\t<i aria-hidden=\"true\" class=\"far fa-file-pdf\"><\/i>\t\t\t\t\t\t<\/span>\n\t\t\t\t\t\t\t\t\t\t<span class=\"elementor-icon-list-text\">Document de communication de l\u2019information de Wellington-Altus Gestion Priv\u00e9e Inc.<\/span>\n\t\t\t\t\t\t\t\t\t\t\t<\/a>\n\t\t\t\t\t\t\t\t\t<\/li>\n\t\t\t\t\t\t\t\t<li class=\"elementor-icon-list-item\">\n\t\t\t\t\t\t\t\t\t\t\t<a href=\"https:\/\/wellington-altus.ca\/wp-content\/uploads\/2026\/02\/WAPW-113-2-2026-F-Divulgation-des-conflits-dinterets.pdf\" target=\"_blank\">\n\n\t\t\t\t\t\t\t\t\t\t\t\t<span class=\"elementor-icon-list-icon\">\n\t\t\t\t\t\t\t<i aria-hidden=\"true\" class=\"far fa-file-pdf\"><\/i>\t\t\t\t\t\t<\/span>\n\t\t\t\t\t\t\t\t\t\t<span class=\"elementor-icon-list-text\">Document de divulgation des conflits d\u2019int\u00e9r\u00eats de Wellington-Altus Gestion Priv\u00e9e Inc.<\/span>\n\t\t\t\t\t\t\t\t\t\t\t<\/a>\n\t\t\t\t\t\t\t\t\t<\/li>\n\t\t\t\t\t\t\t\t<li class=\"elementor-icon-list-item\">\n\t\t\t\t\t\t\t\t\t\t\t<a href=\"https:\/\/wellington-altus.ca\/wp-content\/uploads\/2024\/02\/WAPC-RDD-02-2024-FV.pdf\" target=\"_blank\">\n\n\t\t\t\t\t\t\t\t\t\t\t\t<span class=\"elementor-icon-list-icon\">\n\t\t\t\t\t\t\t<i aria-hidden=\"true\" class=\"far fa-file-pdf\"><\/i>\t\t\t\t\t\t<\/span>\n\t\t\t\t\t\t\t\t\t\t<span class=\"elementor-icon-list-text\">Document de communication de l\u2019information de Wellington-Altus Conseil Priv\u00e9 Inc.<\/span>\n\t\t\t\t\t\t\t\t\t\t\t<\/a>\n\t\t\t\t\t\t\t\t\t<\/li>\n\t\t\t\t\t\t\t\t<li class=\"elementor-icon-list-item\">\n\t\t\t\t\t\t\t\t\t\t\t<a href=\"https:\/\/wellington-altus.ca\/wp-content\/uploads\/2025\/09\/WAPW-105-09-2025-F-Frais-et-Commissions-de-Service.pdf\" target=\"_blank\">\n\n\t\t\t\t\t\t\t\t\t\t\t\t<span class=\"elementor-icon-list-icon\">\n\t\t\t\t\t\t\t<i aria-hidden=\"true\" class=\"far fa-file-pdf\"><\/i>\t\t\t\t\t\t<\/span>\n\t\t\t\t\t\t\t\t\t\t<span class=\"elementor-icon-list-text\">Frais et commissions de service de Wellington-Altus Gestion Priv\u00e9e<\/span>\n\t\t\t\t\t\t\t\t\t\t\t<\/a>\n\t\t\t\t\t\t\t\t\t<\/li>\n\t\t\t\t\t\t\t\t<li class=\"elementor-icon-list-item\">\n\t\t\t\t\t\t\t\t\t\t\t<a href=\"https:\/\/wellington-altus.ca\/wp-content\/uploads\/2024\/11\/NBF-Best-Execution-Public-Disclosure-Statement-Sept-2024-FR.pdf\" target=\"_blank\">\n\n\t\t\t\t\t\t\t\t\t\t\t\t<span class=\"elementor-icon-list-icon\">\n\t\t\t\t\t\t\t<i aria-hidden=\"true\" class=\"far fa-file-pdf\"><\/i>\t\t\t\t\t\t<\/span>\n\t\t\t\t\t\t\t\t\t\t<span class=\"elementor-icon-list-text\">\u00c9nonc\u00e9 des informations \u00e0 fournir au public sur la meilleure ex\u00e9cution de BNRI<\/span>\n\t\t\t\t\t\t\t\t\t\t\t<\/a>\n\t\t\t\t\t\t\t\t\t<\/li>\n\t\t\t\t\t\t\t\t<li class=\"elementor-icon-list-item\">\n\t\t\t\t\t\t\t\t\t\t\t<a href=\"https:\/\/wellington-altus.ca\/wp-content\/uploads\/2026\/02\/WAPW-108-2-2026-F-Liste-des-emetteurs-relies-et-associes.pdf\" target=\"_blank\">\n\n\t\t\t\t\t\t\t\t\t\t\t\t<span class=\"elementor-icon-list-icon\">\n\t\t\t\t\t\t\t<i aria-hidden=\"true\" class=\"far fa-file-pdf\"><\/i>\t\t\t\t\t\t<\/span>\n\t\t\t\t\t\t\t\t\t\t<span class=\"elementor-icon-list-text\">Liste des \u00e9metteurs reli\u00e9s et associ\u00e9s de Wellington-Altus Gestion Priv\u00e9e<\/span>\n\t\t\t\t\t\t\t\t\t\t\t<\/a>\n\t\t\t\t\t\t\t\t\t<\/li>\n\t\t\t\t\t\t\t\t<li class=\"elementor-icon-list-item\">\n\t\t\t\t\t\t\t\t\t\t\t<a href=\"https:\/\/wellington-altus.ca\/wp-content\/uploads\/2025\/06\/IAS-Conflicts-of-Interest-Disclosure-June-13-2025-002-fr.pdf\" target=\"_blank\">\n\n\t\t\t\t\t\t\t\t\t\t\t\t<span class=\"elementor-icon-list-icon\">\n\t\t\t\t\t\t\t<i aria-hidden=\"true\" class=\"far fa-file-pdf\"><\/i>\t\t\t\t\t\t<\/span>\n\t\t\t\t\t\t\t\t\t\t<span class=\"elementor-icon-list-text\"> Solutions de Conseillers Ind\u00e9pendants d\u00e9claration de conflits d\u2019int\u00e9r\u00eats<\/span>\n\t\t\t\t\t\t\t\t\t\t\t<\/a>\n\t\t\t\t\t\t\t\t\t<\/li>\n\t\t\t\t\t\t<\/ul>\n\t\t\t\t\t\t<\/div>\n\t\t\t\t<\/div>\n\t\t\t\t\t<\/div>\n\t\t<\/div>\n\t\t\t\t\t<\/div>\n\t\t<\/section>\n\t\t\t\t\t<\/div>\n\t\t<\/div>\n\t\t\t\t\t<\/div>\n\t\t<\/section>\n\t\t\t\t<\/div>","protected":false},"excerpt":{"rendered":"<p>Legal Legal Documents For the purpose of transparency, we offer the following disclosure documents: Wellington-Altus Private Wealth Inc. Relationship Disclosure Document Wellington-Altus Private Wealth Inc. Conflicts of Interest Disclosure Wellington-Altus Private Counsel Inc. Relationship Disclosure Document Wellington-Altus Private Wealth Service Charges &amp; Fees NBIN Best Execution Public Disclosure Statement Wellington-Altus Private Wealth Inc. Related and [&hellip;]<\/p>\n","protected":false},"author":14,"featured_media":4038,"parent":0,"menu_order":0,"comment_status":"closed","ping_status":"closed","template":"elementor_header_footer","meta":{"_acf_changed":false,"footnotes":""},"class_list":["post-1357","page","type-page","status-publish","has-post-thumbnail","hentry"],"acf":[],"yoast_head":"<!-- This site is optimized with the Yoast SEO plugin v27.2 - https:\/\/yoast.com\/product\/yoast-seo-wordpress\/ -->\n<title>Legal - Wellington-Altus<\/title>\n<meta name=\"robots\" content=\"index, follow, max-snippet:-1, max-image-preview:large, max-video-preview:-1\" \/>\n<link rel=\"canonical\" href=\"https:\/\/wellington-altus.ca\/fr\/legal\/\" \/>\n<meta property=\"og:locale\" content=\"fr_CA\" \/>\n<meta property=\"og:type\" content=\"article\" \/>\n<meta property=\"og:title\" content=\"Legal - Wellington-Altus\" \/>\n<meta property=\"og:description\" content=\"Legal Legal Documents For the purpose of transparency, we offer the following disclosure documents: Wellington-Altus Private Wealth Inc. Relationship Disclosure Document Wellington-Altus Private Wealth Inc. Conflicts of Interest Disclosure Wellington-Altus Private Counsel Inc. Relationship Disclosure Document Wellington-Altus Private Wealth Service Charges &amp; Fees NBIN Best Execution Public Disclosure Statement Wellington-Altus Private Wealth Inc. Related and [&hellip;]\" \/>\n<meta property=\"og:url\" content=\"https:\/\/wellington-altus.ca\/fr\/legal\/\" \/>\n<meta property=\"og:site_name\" content=\"Wellington-Altus\" \/>\n<meta property=\"article:modified_time\" content=\"2026-02-19T22:11:15+00:00\" \/>\n<meta property=\"og:image\" content=\"https:\/\/wellington-altus.ca\/wp-content\/uploads\/2021\/10\/WA-Featured-Image.png\" \/>\n\t<meta property=\"og:image:width\" content=\"1200\" \/>\n\t<meta property=\"og:image:height\" content=\"628\" \/>\n\t<meta property=\"og:image:type\" content=\"image\/png\" \/>\n<meta name=\"twitter:card\" content=\"summary_large_image\" \/>\n<meta name=\"twitter:label1\" content=\"Estimation du temps de lecture\" \/>\n\t<meta name=\"twitter:data1\" content=\"1 minute\" \/>\n<script type=\"application\/ld+json\" class=\"yoast-schema-graph\">{\"@context\":\"https:\/\/schema.org\",\"@graph\":[{\"@type\":\"WebPage\",\"@id\":\"https:\/\/wellington-altus.ca\/legal\/\",\"url\":\"https:\/\/wellington-altus.ca\/legal\/\",\"name\":\"Legal - Wellington-Altus\",\"isPartOf\":{\"@id\":\"https:\/\/wellington-altus.ca\/#website\"},\"primaryImageOfPage\":{\"@id\":\"https:\/\/wellington-altus.ca\/legal\/#primaryimage\"},\"image\":{\"@id\":\"https:\/\/wellington-altus.ca\/legal\/#primaryimage\"},\"thumbnailUrl\":\"https:\/\/wellington-altus.ca\/wp-content\/uploads\/2021\/10\/WA-Featured-Image.png\",\"datePublished\":\"2020-11-25T00:08:08+00:00\",\"dateModified\":\"2026-02-19T22:11:15+00:00\",\"breadcrumb\":{\"@id\":\"https:\/\/wellington-altus.ca\/legal\/#breadcrumb\"},\"inLanguage\":\"fr-CA\",\"potentialAction\":[{\"@type\":\"ReadAction\",\"target\":[\"https:\/\/wellington-altus.ca\/legal\/\"]}]},{\"@type\":\"ImageObject\",\"inLanguage\":\"fr-CA\",\"@id\":\"https:\/\/wellington-altus.ca\/legal\/#primaryimage\",\"url\":\"https:\/\/wellington-altus.ca\/wp-content\/uploads\/2021\/10\/WA-Featured-Image.png\",\"contentUrl\":\"https:\/\/wellington-altus.ca\/wp-content\/uploads\/2021\/10\/WA-Featured-Image.png\",\"width\":1200,\"height\":628,\"caption\":\"Wellington-Altus\"},{\"@type\":\"BreadcrumbList\",\"@id\":\"https:\/\/wellington-altus.ca\/legal\/#breadcrumb\",\"itemListElement\":[{\"@type\":\"ListItem\",\"position\":1,\"name\":\"Home\",\"item\":\"https:\/\/wellington-altus.ca\/\"},{\"@type\":\"ListItem\",\"position\":2,\"name\":\"Legal\"}]},{\"@type\":\"WebSite\",\"@id\":\"https:\/\/wellington-altus.ca\/#website\",\"url\":\"https:\/\/wellington-altus.ca\/\",\"name\":\"Wellington-Altus\",\"description\":\"Independent Private Wealth Management, Holistic Wealth Planning, Investment and Protection\",\"publisher\":{\"@id\":\"https:\/\/wellington-altus.ca\/#organization\"},\"potentialAction\":[{\"@type\":\"SearchAction\",\"target\":{\"@type\":\"EntryPoint\",\"urlTemplate\":\"https:\/\/wellington-altus.ca\/?s={search_term_string}\"},\"query-input\":{\"@type\":\"PropertyValueSpecification\",\"valueRequired\":true,\"valueName\":\"search_term_string\"}}],\"inLanguage\":\"fr-CA\"},{\"@type\":\"Organization\",\"@id\":\"https:\/\/wellington-altus.ca\/#organization\",\"name\":\"Wellington-Altus\",\"url\":\"https:\/\/wellington-altus.ca\/\",\"logo\":{\"@type\":\"ImageObject\",\"inLanguage\":\"fr-CA\",\"@id\":\"https:\/\/wellington-altus.ca\/#\/schema\/logo\/image\/\",\"url\":\"https:\/\/wellington-altus.ca\/wp-content\/uploads\/2020\/09\/WA_Logo_PMS_432C.png\",\"contentUrl\":\"https:\/\/wellington-altus.ca\/wp-content\/uploads\/2020\/09\/WA_Logo_PMS_432C.png\",\"width\":800,\"height\":246,\"caption\":\"Wellington-Altus\"},\"image\":{\"@id\":\"https:\/\/wellington-altus.ca\/#\/schema\/logo\/image\/\"}}]}<\/script>\n<!-- \/ Yoast SEO plugin. -->","yoast_head_json":{"title":"Legal - Wellington-Altus","robots":{"index":"index","follow":"follow","max-snippet":"max-snippet:-1","max-image-preview":"max-image-preview:large","max-video-preview":"max-video-preview:-1"},"canonical":"https:\/\/wellington-altus.ca\/fr\/legal\/","og_locale":"fr_CA","og_type":"article","og_title":"Legal - Wellington-Altus","og_description":"Legal Legal Documents For the purpose of transparency, we offer the following disclosure documents: Wellington-Altus Private Wealth Inc. Relationship Disclosure Document Wellington-Altus Private Wealth Inc. Conflicts of Interest Disclosure Wellington-Altus Private Counsel Inc. Relationship Disclosure Document Wellington-Altus Private Wealth Service Charges &amp; Fees NBIN Best Execution Public Disclosure Statement Wellington-Altus Private Wealth Inc. Related and [&hellip;]","og_url":"https:\/\/wellington-altus.ca\/fr\/legal\/","og_site_name":"Wellington-Altus","article_modified_time":"2026-02-19T22:11:15+00:00","og_image":[{"width":1200,"height":628,"url":"https:\/\/wellington-altus.ca\/wp-content\/uploads\/2021\/10\/WA-Featured-Image.png","type":"image\/png"}],"twitter_card":"summary_large_image","twitter_misc":{"Estimation du temps de lecture":"1 minute"},"schema":{"@context":"https:\/\/schema.org","@graph":[{"@type":"WebPage","@id":"https:\/\/wellington-altus.ca\/legal\/","url":"https:\/\/wellington-altus.ca\/legal\/","name":"Legal - Wellington-Altus","isPartOf":{"@id":"https:\/\/wellington-altus.ca\/#website"},"primaryImageOfPage":{"@id":"https:\/\/wellington-altus.ca\/legal\/#primaryimage"},"image":{"@id":"https:\/\/wellington-altus.ca\/legal\/#primaryimage"},"thumbnailUrl":"https:\/\/wellington-altus.ca\/wp-content\/uploads\/2021\/10\/WA-Featured-Image.png","datePublished":"2020-11-25T00:08:08+00:00","dateModified":"2026-02-19T22:11:15+00:00","breadcrumb":{"@id":"https:\/\/wellington-altus.ca\/legal\/#breadcrumb"},"inLanguage":"fr-CA","potentialAction":[{"@type":"ReadAction","target":["https:\/\/wellington-altus.ca\/legal\/"]}]},{"@type":"ImageObject","inLanguage":"fr-CA","@id":"https:\/\/wellington-altus.ca\/legal\/#primaryimage","url":"https:\/\/wellington-altus.ca\/wp-content\/uploads\/2021\/10\/WA-Featured-Image.png","contentUrl":"https:\/\/wellington-altus.ca\/wp-content\/uploads\/2021\/10\/WA-Featured-Image.png","width":1200,"height":628,"caption":"Wellington-Altus"},{"@type":"BreadcrumbList","@id":"https:\/\/wellington-altus.ca\/legal\/#breadcrumb","itemListElement":[{"@type":"ListItem","position":1,"name":"Home","item":"https:\/\/wellington-altus.ca\/"},{"@type":"ListItem","position":2,"name":"Legal"}]},{"@type":"WebSite","@id":"https:\/\/wellington-altus.ca\/#website","url":"https:\/\/wellington-altus.ca\/","name":"Wellington-Altus","description":"Independent Private Wealth Management, Holistic Wealth Planning, Investment and Protection","publisher":{"@id":"https:\/\/wellington-altus.ca\/#organization"},"potentialAction":[{"@type":"SearchAction","target":{"@type":"EntryPoint","urlTemplate":"https:\/\/wellington-altus.ca\/?s={search_term_string}"},"query-input":{"@type":"PropertyValueSpecification","valueRequired":true,"valueName":"search_term_string"}}],"inLanguage":"fr-CA"},{"@type":"Organization","@id":"https:\/\/wellington-altus.ca\/#organization","name":"Wellington-Altus","url":"https:\/\/wellington-altus.ca\/","logo":{"@type":"ImageObject","inLanguage":"fr-CA","@id":"https:\/\/wellington-altus.ca\/#\/schema\/logo\/image\/","url":"https:\/\/wellington-altus.ca\/wp-content\/uploads\/2020\/09\/WA_Logo_PMS_432C.png","contentUrl":"https:\/\/wellington-altus.ca\/wp-content\/uploads\/2020\/09\/WA_Logo_PMS_432C.png","width":800,"height":246,"caption":"Wellington-Altus"},"image":{"@id":"https:\/\/wellington-altus.ca\/#\/schema\/logo\/image\/"}}]}},"_links":{"self":[{"href":"https:\/\/wellington-altus.ca\/fr\/wp-json\/wp\/v2\/pages\/1357","targetHints":{"allow":["GET"]}}],"collection":[{"href":"https:\/\/wellington-altus.ca\/fr\/wp-json\/wp\/v2\/pages"}],"about":[{"href":"https:\/\/wellington-altus.ca\/fr\/wp-json\/wp\/v2\/types\/page"}],"author":[{"embeddable":true,"href":"https:\/\/wellington-altus.ca\/fr\/wp-json\/wp\/v2\/users\/14"}],"replies":[{"embeddable":true,"href":"https:\/\/wellington-altus.ca\/fr\/wp-json\/wp\/v2\/comments?post=1357"}],"version-history":[{"count":306,"href":"https:\/\/wellington-altus.ca\/fr\/wp-json\/wp\/v2\/pages\/1357\/revisions"}],"predecessor-version":[{"id":14201,"href":"https:\/\/wellington-altus.ca\/fr\/wp-json\/wp\/v2\/pages\/1357\/revisions\/14201"}],"wp:featuredmedia":[{"embeddable":true,"href":"https:\/\/wellington-altus.ca\/fr\/wp-json\/wp\/v2\/media\/4038"}],"wp:attachment":[{"href":"https:\/\/wellington-altus.ca\/fr\/wp-json\/wp\/v2\/media?parent=1357"}],"curies":[{"name":"wp","href":"https:\/\/api.w.org\/{rel}","templated":true}]}}