{"id":3541,"date":"2021-09-24T08:47:51","date_gmt":"2021-09-24T13:47:51","guid":{"rendered":"https:\/\/wellington-altus.ca\/?page_id=3541"},"modified":"2024-07-17T15:05:11","modified_gmt":"2024-07-17T19:05:11","slug":"market-insights","status":"publish","type":"page","link":"https:\/\/wellington-altus.ca\/fr\/market-insights\/","title":{"rendered":"Renseignements sur le march\u00e9"},"content":{"rendered":"<div data-elementor-type=\"wp-page\" data-elementor-id=\"3541\" class=\"elementor elementor-3541\" data-elementor-post-type=\"page\">\n\t\t\t\t\t\t<section class=\"elementor-section elementor-top-section elementor-element elementor-element-acbcbb5 elementor-section-height-min-height elementor-section-content-bottom elementor-section-boxed elementor-section-height-default elementor-section-items-middle\" data-id=\"acbcbb5\" data-element_type=\"section\" data-e-type=\"section\" data-settings=\"{&quot;background_background&quot;:&quot;gradient&quot;}\">\n\t\t\t\t\t\t\t<div class=\"elementor-background-overlay\"><\/div>\n\t\t\t\t\t\t\t<div class=\"elementor-container elementor-column-gap-default\">\n\t\t\t\t\t<div class=\"elementor-column elementor-col-100 elementor-top-column elementor-element elementor-element-b89a289\" data-id=\"b89a289\" data-element_type=\"column\" data-e-type=\"column\">\n\t\t\t<div class=\"elementor-widget-wrap elementor-element-populated\">\n\t\t\t\t\t\t<div class=\"elementor-element elementor-element-4c9dd8b elementor-widget elementor-widget-heading\" data-id=\"4c9dd8b\" data-element_type=\"widget\" data-e-type=\"widget\" data-widget_type=\"heading.default\">\n\t\t\t\t<div class=\"elementor-widget-container\">\n\t\t\t\t\t<h1 class=\"elementor-heading-title elementor-size-default\">Renseignements sur le march\u00e9<\/h1>\t\t\t\t<\/div>\n\t\t\t\t<\/div>\n\t\t\t\t\t<\/div>\n\t\t<\/div>\n\t\t\t\t\t<\/div>\n\t\t<\/section>\n\t\t\t\t<section class=\"elementor-section elementor-top-section elementor-element elementor-element-84c375e elementor-section-boxed elementor-section-height-default elementor-section-height-default\" data-id=\"84c375e\" data-element_type=\"section\" data-e-type=\"section\">\n\t\t\t\t\t\t<div class=\"elementor-container elementor-column-gap-default\">\n\t\t\t\t\t<div class=\"elementor-column elementor-col-100 elementor-top-column elementor-element elementor-element-c21924f\" data-id=\"c21924f\" data-element_type=\"column\" data-e-type=\"column\">\n\t\t\t<div class=\"elementor-widget-wrap elementor-element-populated\">\n\t\t\t\t\t\t<section class=\"elementor-section elementor-inner-section elementor-element elementor-element-0dc75d4 elementor-section-boxed elementor-section-height-default elementor-section-height-default\" data-id=\"0dc75d4\" data-element_type=\"section\" data-e-type=\"section\">\n\t\t\t\t\t\t<div class=\"elementor-container elementor-column-gap-default\">\n\t\t\t\t\t<div class=\"elementor-column elementor-col-100 elementor-inner-column elementor-element elementor-element-8243ad4\" data-id=\"8243ad4\" data-element_type=\"column\" data-e-type=\"column\">\n\t\t\t<div class=\"elementor-widget-wrap elementor-element-populated\">\n\t\t\t\t\t\t<div class=\"elementor-element elementor-element-faf579c elementor-widget elementor-widget-heading\" data-id=\"faf579c\" data-element_type=\"widget\" data-e-type=\"widget\" data-widget_type=\"heading.default\">\n\t\t\t\t<div class=\"elementor-widget-container\">\n\t\t\t\t\t<h2 class=\"elementor-heading-title elementor-size-default\">Notre strat\u00e8ge de march\u00e9 aide les conseillers en placement et les clients<\/h2>\t\t\t\t<\/div>\n\t\t\t\t<\/div>\n\t\t\t\t<div class=\"elementor-element elementor-element-6a972fb elementor-widget elementor-widget-text-editor\" data-id=\"6a972fb\" data-element_type=\"widget\" data-e-type=\"widget\" data-widget_type=\"text-editor.default\">\n\t\t\t\t<div class=\"elementor-widget-container\">\n\t\t\t\t\t\t\t\t\t<p>Notre strat\u00e8ge en chef des march\u00e9s, James Thorne, pr\u00e9sente \u00e0 notre \u00e9quipe des renseignements de pointe provenant de sources de donn\u00e9es et fournit des analyses pour aider nos conseillers en placement \u00e0 choisir les meilleurs actifs et plans possible pour les clients. Jim est un expert de premier plan de l\u2019industrie, qui traduit des enjeux \u00e9conomiques et de march\u00e9 complexes et qui place ses conseils dans un contexte historique afin d\u2019aider les conseillers et les investisseurs \u00e0 composer avec les enjeux \u00e0 court terme et leur incidence potentielle sur les objectifs financiers. Son point de vue tient compte des \u00e9v\u00e9nements \u00e9conomiques, politiques et financiers mondiaux et de leurs r\u00e9percussions \u00e0 court et \u00e0 long terme sur le portefeuille.<\/p>\t\t\t\t\t\t\t\t<\/div>\n\t\t\t\t<\/div>\n\t\t\t\t\t<\/div>\n\t\t<\/div>\n\t\t\t\t\t<\/div>\n\t\t<\/section>\n\t\t\t\t\t<\/div>\n\t\t<\/div>\n\t\t\t\t\t<\/div>\n\t\t<\/section>\n\t\t\t\t<section class=\"elementor-section elementor-top-section elementor-element elementor-element-2f5b6a9 elementor-section-content-middle elementor-section-boxed elementor-section-height-default elementor-section-height-default\" data-id=\"2f5b6a9\" data-element_type=\"section\" data-e-type=\"section\" data-settings=\"{&quot;background_background&quot;:&quot;gradient&quot;,&quot;shape_divider_top&quot;:&quot;tilt&quot;,&quot;shape_divider_bottom&quot;:&quot;tilt&quot;}\">\n\t\t\t\t\t\t\t<div class=\"elementor-background-overlay\"><\/div>\n\t\t\t\t\t\t<div class=\"elementor-shape elementor-shape-top\" aria-hidden=\"true\" data-negative=\"false\">\n\t\t\t<svg xmlns=\"http:\/\/www.w3.org\/2000\/svg\" viewbox=\"0 0 1000 100\" preserveaspectratio=\"none\">\n\t<path class=\"elementor-shape-fill\" d=\"M0,6V0h1000v100L0,6z\"\/>\n<\/svg>\t\t<\/div>\n\t\t\t\t<div class=\"elementor-shape elementor-shape-bottom\" aria-hidden=\"true\" data-negative=\"false\">\n\t\t\t<svg xmlns=\"http:\/\/www.w3.org\/2000\/svg\" viewbox=\"0 0 1000 100\" preserveaspectratio=\"none\">\n\t<path class=\"elementor-shape-fill\" d=\"M0,6V0h1000v100L0,6z\"\/>\n<\/svg>\t\t<\/div>\n\t\t\t\t\t<div class=\"elementor-container elementor-column-gap-wider\">\n\t\t\t\t\t<div class=\"elementor-column elementor-col-33 elementor-top-column elementor-element elementor-element-0cfcb7a\" data-id=\"0cfcb7a\" data-element_type=\"column\" data-e-type=\"column\">\n\t\t\t<div class=\"elementor-widget-wrap elementor-element-populated\">\n\t\t\t\t\t\t<div class=\"elementor-element elementor-element-f7a0f2e elementor-widget elementor-widget-image\" data-id=\"f7a0f2e\" data-element_type=\"widget\" data-e-type=\"widget\" data-widget_type=\"image.default\">\n\t\t\t\t<div class=\"elementor-widget-container\">\n\t\t\t\t\t\t\t\t\t\t\t\t\t\t\t<img fetchpriority=\"high\" decoding=\"async\" width=\"600\" height=\"600\" src=\"https:\/\/wellington-altus.ca\/wp-content\/uploads\/2021\/09\/James-Thorne.png\" class=\"attachment-large size-large wp-image-3472\" alt=\"James Thorne\" srcset=\"https:\/\/wellington-altus.ca\/wp-content\/uploads\/2021\/09\/James-Thorne.png 600w, https:\/\/wellington-altus.ca\/wp-content\/uploads\/2021\/09\/James-Thorne-300x300.png 300w, https:\/\/wellington-altus.ca\/wp-content\/uploads\/2021\/09\/James-Thorne-150x150.png 150w\" sizes=\"(max-width: 600px) 100vw, 600px\" \/>\t\t\t\t\t\t\t\t\t\t\t\t\t\t\t<\/div>\n\t\t\t\t<\/div>\n\t\t\t\t<div class=\"elementor-element elementor-element-b264ba1 elementor-align-center elementor-icon-list--layout-traditional elementor-list-item-link-full_width elementor-widget elementor-widget-icon-list\" data-id=\"b264ba1\" data-element_type=\"widget\" data-e-type=\"widget\" data-widget_type=\"icon-list.default\">\n\t\t\t\t<div class=\"elementor-widget-container\">\n\t\t\t\t\t\t\t<ul class=\"elementor-icon-list-items\">\n\t\t\t\t\t\t\t<li class=\"elementor-icon-list-item\">\n\t\t\t\t\t\t\t\t\t\t\t<a href=\"tel:+1-416-369-9819\">\n\n\t\t\t\t\t\t\t\t\t\t\t\t<span class=\"elementor-icon-list-icon\">\n\t\t\t\t\t\t\t<i aria-hidden=\"true\" class=\"fas fa-phone-alt\"><\/i>\t\t\t\t\t\t<\/span>\n\t\t\t\t\t\t\t\t\t\t<span class=\"elementor-icon-list-text\">416.369.9819<\/span>\n\t\t\t\t\t\t\t\t\t\t\t<\/a>\n\t\t\t\t\t\t\t\t\t<\/li>\n\t\t\t\t\t\t\t\t<li class=\"elementor-icon-list-item\">\n\t\t\t\t\t\t\t\t\t\t\t<a href=\"mailto:jim.thorne@wellington-altus.ca\">\n\n\t\t\t\t\t\t\t\t\t\t\t\t<span class=\"elementor-icon-list-icon\">\n\t\t\t\t\t\t\t<i aria-hidden=\"true\" class=\"fas fa-envelope\"><\/i>\t\t\t\t\t\t<\/span>\n\t\t\t\t\t\t\t\t\t\t<span class=\"elementor-icon-list-text\">jim.thorne@wellington-altus.ca<\/span>\n\t\t\t\t\t\t\t\t\t\t\t<\/a>\n\t\t\t\t\t\t\t\t\t<\/li>\n\t\t\t\t\t\t\t\t<li class=\"elementor-icon-list-item\">\n\t\t\t\t\t\t\t\t\t\t\t<a href=\"https:\/\/www.linkedin.com\/in\/james-thorne-b7759b2a\" target=\"_blank\">\n\n\t\t\t\t\t\t\t\t\t\t\t\t<span class=\"elementor-icon-list-icon\">\n\t\t\t\t\t\t\t<i aria-hidden=\"true\" class=\"fab fa-linkedin\"><\/i>\t\t\t\t\t\t<\/span>\n\t\t\t\t\t\t\t\t\t\t<span class=\"elementor-icon-list-text\">LinkedIn<\/span>\n\t\t\t\t\t\t\t\t\t\t\t<\/a>\n\t\t\t\t\t\t\t\t\t<\/li>\n\t\t\t\t\t\t<\/ul>\n\t\t\t\t\t\t<\/div>\n\t\t\t\t<\/div>\n\t\t\t\t\t<\/div>\n\t\t<\/div>\n\t\t\t\t<div class=\"elementor-column elementor-col-66 elementor-top-column elementor-element elementor-element-8d99315\" data-id=\"8d99315\" data-element_type=\"column\" data-e-type=\"column\">\n\t\t\t<div class=\"elementor-widget-wrap elementor-element-populated\">\n\t\t\t\t\t\t<div class=\"elementor-element elementor-element-bb78b83 elementor-widget elementor-widget-heading\" data-id=\"bb78b83\" data-element_type=\"widget\" data-e-type=\"widget\" data-widget_type=\"heading.default\">\n\t\t\t\t<div class=\"elementor-widget-container\">\n\t\t\t\t\t<h2 class=\"elementor-heading-title elementor-size-default\">James Thorne<\/h2>\t\t\t\t<\/div>\n\t\t\t\t<\/div>\n\t\t\t\t<div class=\"elementor-element elementor-element-966a96c elementor-widget elementor-widget-text-editor\" data-id=\"966a96c\" data-element_type=\"widget\" data-e-type=\"widget\" data-widget_type=\"text-editor.default\">\n\t\t\t\t<div class=\"elementor-widget-container\">\n\t\t\t\t\t\t\t\t\t<p><em>Strat\u00e8ge en chef des march\u00e9s<\/em><\/p>\t\t\t\t\t\t\t\t<\/div>\n\t\t\t\t<\/div>\n\t\t\t\t<div class=\"elementor-element elementor-element-f3d58e3 elementor-widget elementor-widget-text-editor\" data-id=\"f3d58e3\" data-element_type=\"widget\" data-e-type=\"widget\" data-widget_type=\"text-editor.default\">\n\t\t\t\t<div class=\"elementor-widget-container\">\n\t\t\t\t\t\t\t\t\t<p>Avant de se joindre \u00e0 Wellington-Altus Gestion Priv\u00e9e, James Thorne \u00e9tait tout r\u00e9cemment strat\u00e8ge en chef des march\u00e9s financiers et gestionnaire de portefeuille principal au sein d\u2019une soci\u00e9t\u00e9 de gestion de placements ind\u00e9pendante de premier plan.<\/p><p>Il a \u00e9galement occup\u00e9 divers postes de cadre sup\u00e9rieur en gestion de placements aux \u00c9tats-Unis, dont ceux d\u2019\u00e9conomiste en chef d\u2019une grande institution financi\u00e8re am\u00e9ricaine, de directeur des placements d\u2019actions, de directeur g\u00e9n\u00e9ral et de strat\u00e8ge en chef des march\u00e9s financiers. Au cours de son mandat, il a \u00e9labor\u00e9 des strat\u00e9gies de placement pour petite, moyenne et grande capitalisation, qui ont fait appel \u00e0 une combinaison d\u2019analyses quantitatives et qualitatives et qui ont produit un rendement class\u00e9 dans le quartile sup\u00e9rieur.<\/p><p>M.Thorne a obtenu un doctorat en \u00e9conomie dans les domaines des finances et de l\u2019organisation industrielle de l\u2019Universit\u00e9 York et a travaill\u00e9 comme professeur d\u2019\u00e9conomie et de finances \u00e0 la Schulich School of Business et \u00e0 l\u2019Universit\u00e9 Bishop\u2019s. Il fait aussi r\u00e9guli\u00e8rement des apparitions \u00e0 BNN et dans d\u2019autres m\u00e9dias.<\/p>\t\t\t\t\t\t\t\t<\/div>\n\t\t\t\t<\/div>\n\t\t\t\t\t<\/div>\n\t\t<\/div>\n\t\t\t\t\t<\/div>\n\t\t<\/section>\n\t\t\t\t<\/div>","protected":false},"excerpt":{"rendered":"<p>Market Insights Our Market Strategist helps investment advisors and clients Our Chief Market Strategist James Thorne gives our team a leading-edge, curating insights from data sources and providing analysis to help our investment advisors select the best possible assets and plans for clients. Jim is a top-industry expert, translating complex economic and market issues and [&hellip;]<\/p>\n","protected":false},"author":14,"featured_media":4038,"parent":0,"menu_order":0,"comment_status":"closed","ping_status":"closed","template":"elementor_header_footer","meta":{"_acf_changed":false,"footnotes":""},"class_list":["post-3541","page","type-page","status-publish","has-post-thumbnail","hentry"],"acf":[],"yoast_head":"<!-- This site is optimized with the Yoast SEO plugin v27.2 - https:\/\/yoast.com\/product\/yoast-seo-wordpress\/ -->\n<title>Market Insights - Wellington-Altus<\/title>\n<meta name=\"description\" content=\"Our Chief Market Strategist Dr. James Thorne gives our team a leading-edge, curating insights from data sources and providing analysis to help our investment advisors select the best possible assets and plans for clients.\" \/>\n<meta name=\"robots\" content=\"index, follow, max-snippet:-1, max-image-preview:large, max-video-preview:-1\" \/>\n<link rel=\"canonical\" href=\"https:\/\/wellington-altus.ca\/fr\/market-insights\/\" \/>\n<meta property=\"og:locale\" content=\"fr_CA\" \/>\n<meta property=\"og:type\" content=\"article\" \/>\n<meta property=\"og:title\" content=\"Market Insights - Wellington-Altus\" \/>\n<meta property=\"og:description\" content=\"Our Chief Market Strategist Dr. James Thorne gives our team a leading-edge, curating insights from data sources and providing analysis to help our investment advisors select the best possible assets and plans for clients.\" \/>\n<meta property=\"og:url\" content=\"https:\/\/wellington-altus.ca\/fr\/market-insights\/\" \/>\n<meta property=\"og:site_name\" content=\"Wellington-Altus\" \/>\n<meta property=\"article:modified_time\" content=\"2024-07-17T19:05:11+00:00\" \/>\n<meta property=\"og:image\" content=\"https:\/\/wellington-altus.ca\/wp-content\/uploads\/2021\/10\/WA-Featured-Image.png\" \/>\n\t<meta property=\"og:image:width\" content=\"1200\" \/>\n\t<meta property=\"og:image:height\" content=\"628\" \/>\n\t<meta property=\"og:image:type\" content=\"image\/png\" \/>\n<meta name=\"twitter:card\" content=\"summary_large_image\" \/>\n<meta name=\"twitter:label1\" content=\"Estimation du temps de lecture\" \/>\n\t<meta name=\"twitter:data1\" content=\"3 minutes\" \/>\n<script type=\"application\/ld+json\" class=\"yoast-schema-graph\">{\"@context\":\"https:\/\/schema.org\",\"@graph\":[{\"@type\":\"WebPage\",\"@id\":\"https:\/\/wellington-altus.ca\/market-insights\/\",\"url\":\"https:\/\/wellington-altus.ca\/market-insights\/\",\"name\":\"Market Insights - Wellington-Altus\",\"isPartOf\":{\"@id\":\"https:\/\/wellington-altus.ca\/#website\"},\"primaryImageOfPage\":{\"@id\":\"https:\/\/wellington-altus.ca\/market-insights\/#primaryimage\"},\"image\":{\"@id\":\"https:\/\/wellington-altus.ca\/market-insights\/#primaryimage\"},\"thumbnailUrl\":\"https:\/\/wellington-altus.ca\/wp-content\/uploads\/2021\/10\/WA-Featured-Image.png\",\"datePublished\":\"2021-09-24T13:47:51+00:00\",\"dateModified\":\"2024-07-17T19:05:11+00:00\",\"description\":\"Our Chief Market Strategist Dr. James Thorne gives our team a leading-edge, curating insights from data sources and providing analysis to help our investment advisors select the best possible assets and plans for clients.\",\"breadcrumb\":{\"@id\":\"https:\/\/wellington-altus.ca\/market-insights\/#breadcrumb\"},\"inLanguage\":\"fr-CA\",\"potentialAction\":[{\"@type\":\"ReadAction\",\"target\":[\"https:\/\/wellington-altus.ca\/market-insights\/\"]}]},{\"@type\":\"ImageObject\",\"inLanguage\":\"fr-CA\",\"@id\":\"https:\/\/wellington-altus.ca\/market-insights\/#primaryimage\",\"url\":\"https:\/\/wellington-altus.ca\/wp-content\/uploads\/2021\/10\/WA-Featured-Image.png\",\"contentUrl\":\"https:\/\/wellington-altus.ca\/wp-content\/uploads\/2021\/10\/WA-Featured-Image.png\",\"width\":1200,\"height\":628,\"caption\":\"Wellington-Altus\"},{\"@type\":\"BreadcrumbList\",\"@id\":\"https:\/\/wellington-altus.ca\/market-insights\/#breadcrumb\",\"itemListElement\":[{\"@type\":\"ListItem\",\"position\":1,\"name\":\"Home\",\"item\":\"https:\/\/wellington-altus.ca\/\"},{\"@type\":\"ListItem\",\"position\":2,\"name\":\"Market Insights\"}]},{\"@type\":\"WebSite\",\"@id\":\"https:\/\/wellington-altus.ca\/#website\",\"url\":\"https:\/\/wellington-altus.ca\/\",\"name\":\"Wellington-Altus\",\"description\":\"Independent Private Wealth Management, Holistic Wealth Planning, Investment and Protection\",\"publisher\":{\"@id\":\"https:\/\/wellington-altus.ca\/#organization\"},\"potentialAction\":[{\"@type\":\"SearchAction\",\"target\":{\"@type\":\"EntryPoint\",\"urlTemplate\":\"https:\/\/wellington-altus.ca\/?s={search_term_string}\"},\"query-input\":{\"@type\":\"PropertyValueSpecification\",\"valueRequired\":true,\"valueName\":\"search_term_string\"}}],\"inLanguage\":\"fr-CA\"},{\"@type\":\"Organization\",\"@id\":\"https:\/\/wellington-altus.ca\/#organization\",\"name\":\"Wellington-Altus\",\"url\":\"https:\/\/wellington-altus.ca\/\",\"logo\":{\"@type\":\"ImageObject\",\"inLanguage\":\"fr-CA\",\"@id\":\"https:\/\/wellington-altus.ca\/#\/schema\/logo\/image\/\",\"url\":\"https:\/\/wellington-altus.ca\/wp-content\/uploads\/2020\/09\/WA_Logo_PMS_432C.png\",\"contentUrl\":\"https:\/\/wellington-altus.ca\/wp-content\/uploads\/2020\/09\/WA_Logo_PMS_432C.png\",\"width\":800,\"height\":246,\"caption\":\"Wellington-Altus\"},\"image\":{\"@id\":\"https:\/\/wellington-altus.ca\/#\/schema\/logo\/image\/\"}}]}<\/script>\n<!-- \/ Yoast SEO plugin. -->","yoast_head_json":{"title":"Market Insights - Wellington-Altus","description":"Our Chief Market Strategist Dr. James Thorne gives our team a leading-edge, curating insights from data sources and providing analysis to help our investment advisors select the best possible assets and plans for clients.","robots":{"index":"index","follow":"follow","max-snippet":"max-snippet:-1","max-image-preview":"max-image-preview:large","max-video-preview":"max-video-preview:-1"},"canonical":"https:\/\/wellington-altus.ca\/fr\/market-insights\/","og_locale":"fr_CA","og_type":"article","og_title":"Market Insights - Wellington-Altus","og_description":"Our Chief Market Strategist Dr. James Thorne gives our team a leading-edge, curating insights from data sources and providing analysis to help our investment advisors select the best possible assets and plans for clients.","og_url":"https:\/\/wellington-altus.ca\/fr\/market-insights\/","og_site_name":"Wellington-Altus","article_modified_time":"2024-07-17T19:05:11+00:00","og_image":[{"width":1200,"height":628,"url":"https:\/\/wellington-altus.ca\/wp-content\/uploads\/2021\/10\/WA-Featured-Image.png","type":"image\/png"}],"twitter_card":"summary_large_image","twitter_misc":{"Estimation du temps de lecture":"3 minutes"},"schema":{"@context":"https:\/\/schema.org","@graph":[{"@type":"WebPage","@id":"https:\/\/wellington-altus.ca\/market-insights\/","url":"https:\/\/wellington-altus.ca\/market-insights\/","name":"Market Insights - Wellington-Altus","isPartOf":{"@id":"https:\/\/wellington-altus.ca\/#website"},"primaryImageOfPage":{"@id":"https:\/\/wellington-altus.ca\/market-insights\/#primaryimage"},"image":{"@id":"https:\/\/wellington-altus.ca\/market-insights\/#primaryimage"},"thumbnailUrl":"https:\/\/wellington-altus.ca\/wp-content\/uploads\/2021\/10\/WA-Featured-Image.png","datePublished":"2021-09-24T13:47:51+00:00","dateModified":"2024-07-17T19:05:11+00:00","description":"Our Chief Market Strategist Dr. James Thorne gives our team a leading-edge, curating insights from data sources and providing analysis to help our investment advisors select the best possible assets and plans for clients.","breadcrumb":{"@id":"https:\/\/wellington-altus.ca\/market-insights\/#breadcrumb"},"inLanguage":"fr-CA","potentialAction":[{"@type":"ReadAction","target":["https:\/\/wellington-altus.ca\/market-insights\/"]}]},{"@type":"ImageObject","inLanguage":"fr-CA","@id":"https:\/\/wellington-altus.ca\/market-insights\/#primaryimage","url":"https:\/\/wellington-altus.ca\/wp-content\/uploads\/2021\/10\/WA-Featured-Image.png","contentUrl":"https:\/\/wellington-altus.ca\/wp-content\/uploads\/2021\/10\/WA-Featured-Image.png","width":1200,"height":628,"caption":"Wellington-Altus"},{"@type":"BreadcrumbList","@id":"https:\/\/wellington-altus.ca\/market-insights\/#breadcrumb","itemListElement":[{"@type":"ListItem","position":1,"name":"Home","item":"https:\/\/wellington-altus.ca\/"},{"@type":"ListItem","position":2,"name":"Market Insights"}]},{"@type":"WebSite","@id":"https:\/\/wellington-altus.ca\/#website","url":"https:\/\/wellington-altus.ca\/","name":"Wellington-Altus","description":"Independent Private Wealth Management, Holistic Wealth Planning, Investment and Protection","publisher":{"@id":"https:\/\/wellington-altus.ca\/#organization"},"potentialAction":[{"@type":"SearchAction","target":{"@type":"EntryPoint","urlTemplate":"https:\/\/wellington-altus.ca\/?s={search_term_string}"},"query-input":{"@type":"PropertyValueSpecification","valueRequired":true,"valueName":"search_term_string"}}],"inLanguage":"fr-CA"},{"@type":"Organization","@id":"https:\/\/wellington-altus.ca\/#organization","name":"Wellington-Altus","url":"https:\/\/wellington-altus.ca\/","logo":{"@type":"ImageObject","inLanguage":"fr-CA","@id":"https:\/\/wellington-altus.ca\/#\/schema\/logo\/image\/","url":"https:\/\/wellington-altus.ca\/wp-content\/uploads\/2020\/09\/WA_Logo_PMS_432C.png","contentUrl":"https:\/\/wellington-altus.ca\/wp-content\/uploads\/2020\/09\/WA_Logo_PMS_432C.png","width":800,"height":246,"caption":"Wellington-Altus"},"image":{"@id":"https:\/\/wellington-altus.ca\/#\/schema\/logo\/image\/"}}]}},"_links":{"self":[{"href":"https:\/\/wellington-altus.ca\/fr\/wp-json\/wp\/v2\/pages\/3541","targetHints":{"allow":["GET"]}}],"collection":[{"href":"https:\/\/wellington-altus.ca\/fr\/wp-json\/wp\/v2\/pages"}],"about":[{"href":"https:\/\/wellington-altus.ca\/fr\/wp-json\/wp\/v2\/types\/page"}],"author":[{"embeddable":true,"href":"https:\/\/wellington-altus.ca\/fr\/wp-json\/wp\/v2\/users\/14"}],"replies":[{"embeddable":true,"href":"https:\/\/wellington-altus.ca\/fr\/wp-json\/wp\/v2\/comments?post=3541"}],"version-history":[{"count":89,"href":"https:\/\/wellington-altus.ca\/fr\/wp-json\/wp\/v2\/pages\/3541\/revisions"}],"predecessor-version":[{"id":10660,"href":"https:\/\/wellington-altus.ca\/fr\/wp-json\/wp\/v2\/pages\/3541\/revisions\/10660"}],"wp:featuredmedia":[{"embeddable":true,"href":"https:\/\/wellington-altus.ca\/fr\/wp-json\/wp\/v2\/media\/4038"}],"wp:attachment":[{"href":"https:\/\/wellington-altus.ca\/fr\/wp-json\/wp\/v2\/media?parent=3541"}],"curies":[{"name":"wp","href":"https:\/\/api.w.org\/{rel}","templated":true}]}}