{"id":445,"date":"2020-10-13T15:35:08","date_gmt":"2020-10-13T20:35:08","guid":{"rendered":"http:\/\/3.96.13.48\/?page_id=445"},"modified":"2023-06-14T10:35:23","modified_gmt":"2023-06-14T15:35:23","slug":"why-wellington-altus","status":"publish","type":"page","link":"https:\/\/wellington-altus.ca\/fr\/about\/why-wellington-altus\/","title":{"rendered":"Why Wellington-Altus"},"content":{"rendered":"<div data-elementor-type=\"wp-page\" data-elementor-id=\"445\" class=\"elementor elementor-445\" data-elementor-post-type=\"page\">\n\t\t\t\t\t\t<section class=\"elementor-section elementor-top-section elementor-element elementor-element-b8dd589 elementor-section-height-min-height elementor-section-content-bottom elementor-section-boxed elementor-section-height-default elementor-section-items-middle\" data-id=\"b8dd589\" data-element_type=\"section\" data-e-type=\"section\" data-settings=\"{&quot;background_background&quot;:&quot;gradient&quot;}\">\n\t\t\t\t\t\t\t<div class=\"elementor-background-overlay\"><\/div>\n\t\t\t\t\t\t\t<div class=\"elementor-container elementor-column-gap-default\">\n\t\t\t\t\t<div class=\"elementor-column elementor-col-100 elementor-top-column elementor-element elementor-element-33c889e\" data-id=\"33c889e\" data-element_type=\"column\" data-e-type=\"column\">\n\t\t\t<div class=\"elementor-widget-wrap elementor-element-populated\">\n\t\t\t\t\t\t<div class=\"elementor-element elementor-element-fc82b8e elementor-widget elementor-widget-heading\" data-id=\"fc82b8e\" data-element_type=\"widget\" data-e-type=\"widget\" data-widget_type=\"heading.default\">\n\t\t\t\t<div class=\"elementor-widget-container\">\n\t\t\t\t\t<h1 class=\"elementor-heading-title elementor-size-default\">Pourquoi choisir Wellington-Altus?<\/h1>\t\t\t\t<\/div>\n\t\t\t\t<\/div>\n\t\t\t\t<div class=\"elementor-element elementor-element-26bc19d elementor-widget elementor-widget-text-editor\" data-id=\"26bc19d\" data-element_type=\"widget\" data-e-type=\"widget\" data-widget_type=\"text-editor.default\">\n\t\t\t\t<div class=\"elementor-widget-container\">\n\t\t\t\t\t\t\t\t\t<p>Wellington-Altus a \u00e9t\u00e9 \u00e9tablie par des conseillers ind\u00e9pendants chevronn\u00e9s afin de mieux servir les clients gr\u00e2ce \u00e0 une approche holistique de la planification financi\u00e8re, des placements et de la protection.<\/p>\t\t\t\t\t\t\t\t<\/div>\n\t\t\t\t<\/div>\n\t\t\t\t\t<\/div>\n\t\t<\/div>\n\t\t\t\t\t<\/div>\n\t\t<\/section>\n\t\t\t\t<section class=\"elementor-section elementor-top-section elementor-element elementor-element-dc5d59b elementor-section-boxed elementor-section-height-default elementor-section-height-default\" data-id=\"dc5d59b\" data-element_type=\"section\" data-e-type=\"section\">\n\t\t\t\t\t\t<div class=\"elementor-container elementor-column-gap-wider\">\n\t\t\t\t\t<div class=\"elementor-column elementor-col-100 elementor-top-column elementor-element elementor-element-2daf083\" data-id=\"2daf083\" data-element_type=\"column\" data-e-type=\"column\">\n\t\t\t<div class=\"elementor-widget-wrap elementor-element-populated\">\n\t\t\t\t\t\t<section class=\"elementor-section elementor-inner-section elementor-element elementor-element-8c7966d elementor-section-boxed elementor-section-height-default elementor-section-height-default\" data-id=\"8c7966d\" data-element_type=\"section\" data-e-type=\"section\">\n\t\t\t\t\t\t<div class=\"elementor-container elementor-column-gap-wider\">\n\t\t\t\t\t<div class=\"elementor-column elementor-col-50 elementor-inner-column elementor-element elementor-element-eaa9497\" data-id=\"eaa9497\" data-element_type=\"column\" data-e-type=\"column\">\n\t\t\t<div class=\"elementor-widget-wrap elementor-element-populated\">\n\t\t\t\t\t\t<div class=\"elementor-element elementor-element-efcab17 elementor-widget elementor-widget-image\" data-id=\"efcab17\" data-element_type=\"widget\" data-e-type=\"widget\" data-widget_type=\"image.default\">\n\t\t\t\t<div class=\"elementor-widget-container\">\n\t\t\t\t\t\t\t\t\t\t\t\t\t\t\t<img fetchpriority=\"high\" decoding=\"async\" width=\"800\" height=\"800\" src=\"https:\/\/wellington-altus.ca\/wp-content\/uploads\/2021\/09\/ropes2.jpg\" class=\"attachment-large size-large wp-image-3797\" alt=\"safety of assets\" srcset=\"https:\/\/wellington-altus.ca\/wp-content\/uploads\/2021\/09\/ropes2.jpg 1000w, https:\/\/wellington-altus.ca\/wp-content\/uploads\/2021\/09\/ropes2-300x300.jpg 300w, https:\/\/wellington-altus.ca\/wp-content\/uploads\/2021\/09\/ropes2-150x150.jpg 150w, https:\/\/wellington-altus.ca\/wp-content\/uploads\/2021\/09\/ropes2-768x768.jpg 768w\" sizes=\"(max-width: 800px) 100vw, 800px\" \/>\t\t\t\t\t\t\t\t\t\t\t\t\t\t\t<\/div>\n\t\t\t\t<\/div>\n\t\t\t\t\t<\/div>\n\t\t<\/div>\n\t\t\t\t<div class=\"elementor-column elementor-col-50 elementor-inner-column elementor-element elementor-element-56b2499\" data-id=\"56b2499\" data-element_type=\"column\" data-e-type=\"column\">\n\t\t\t<div class=\"elementor-widget-wrap elementor-element-populated\">\n\t\t\t\t\t\t<div class=\"elementor-element elementor-element-61c6ca0 elementor-widget elementor-widget-heading\" data-id=\"61c6ca0\" data-element_type=\"widget\" data-e-type=\"widget\" data-widget_type=\"heading.default\">\n\t\t\t\t<div class=\"elementor-widget-container\">\n\t\t\t\t\t<h2 class=\"elementor-heading-title elementor-size-default\">S\u00e9curit\u00e9 des actifs<\/h2>\t\t\t\t<\/div>\n\t\t\t\t<\/div>\n\t\t\t\t<div class=\"elementor-element elementor-element-46cf563 elementor-widget elementor-widget-text-editor\" data-id=\"46cf563\" data-element_type=\"widget\" data-e-type=\"widget\" data-widget_type=\"text-editor.default\">\n\t\t\t\t<div class=\"elementor-widget-container\">\n\t\t\t\t\t\t\t\t\t<p>Chez Wellington-Altus, vous profitez du meilleur des deux mondes : des conseils objectifs vraiment ind\u00e9pendants et la s\u00e9curit\u00e9 d\u2019une grande banque. Nous jouissons d\u2019une stabilit\u00e9 financi\u00e8re extr\u00eamement solide et offrons la s\u00e9curit\u00e9 d\u2019une banque de l\u2019annexe 1. Les clients de Wellington-Altus Gestion Priv\u00e9e peuvent investir en toute confiance en sachant que Banque Nationale R\u00e9seau Ind\u00e9pendant (BNRI), une division de la Banque Nationale du Canada, assure la garde de tous les actifs et la prestation de nos services administratifs. Les placements de Wellington-Altus Conseil Priv\u00e9 sont \u00e9galement d\u00e9tenus par des tiers gardiens, dont le Banque Nationale R\u00e9seau Ind\u00e9pendant (BNRI), ainsi que Fidelity Clearing Canada ULC et Aviso Correspondent Partners. Les services de garde de Wellington-Altus USA sont fournis par RBC Advisor Services.<\/p>\t\t\t\t\t\t\t\t<\/div>\n\t\t\t\t<\/div>\n\t\t\t\t\t<\/div>\n\t\t<\/div>\n\t\t\t\t\t<\/div>\n\t\t<\/section>\n\t\t\t\t<div class=\"elementor-element elementor-element-673869b elementor-widget-divider--view-line elementor-widget elementor-widget-divider\" data-id=\"673869b\" data-element_type=\"widget\" data-e-type=\"widget\" data-widget_type=\"divider.default\">\n\t\t\t\t<div class=\"elementor-widget-container\">\n\t\t\t\t\t\t\t<div class=\"elementor-divider\">\n\t\t\t<span class=\"elementor-divider-separator\">\n\t\t\t\t\t\t<\/span>\n\t\t<\/div>\n\t\t\t\t\t\t<\/div>\n\t\t\t\t<\/div>\n\t\t\t\t<section class=\"elementor-section elementor-inner-section elementor-element elementor-element-80db085 elementor-section-boxed elementor-section-height-default elementor-section-height-default\" data-id=\"80db085\" data-element_type=\"section\" data-e-type=\"section\">\n\t\t\t\t\t\t<div class=\"elementor-container elementor-column-gap-wider\">\n\t\t\t\t\t<div class=\"elementor-column elementor-col-50 elementor-inner-column elementor-element elementor-element-294ed7d\" data-id=\"294ed7d\" data-element_type=\"column\" data-e-type=\"column\">\n\t\t\t<div class=\"elementor-widget-wrap elementor-element-populated\">\n\t\t\t\t\t\t<div class=\"elementor-element elementor-element-18d2e96 elementor-widget elementor-widget-image\" data-id=\"18d2e96\" data-element_type=\"widget\" data-e-type=\"widget\" data-widget_type=\"image.default\">\n\t\t\t\t<div class=\"elementor-widget-container\">\n\t\t\t\t\t\t\t\t\t\t\t\t\t\t\t<img decoding=\"async\" width=\"630\" height=\"630\" src=\"https:\/\/wellington-altus.ca\/wp-content\/uploads\/2021\/09\/independence.jpg\" class=\"attachment-large size-large wp-image-3801\" alt=\"independence\" srcset=\"https:\/\/wellington-altus.ca\/wp-content\/uploads\/2021\/09\/independence.jpg 630w, https:\/\/wellington-altus.ca\/wp-content\/uploads\/2021\/09\/independence-300x300.jpg 300w, https:\/\/wellington-altus.ca\/wp-content\/uploads\/2021\/09\/independence-150x150.jpg 150w\" sizes=\"(max-width: 630px) 100vw, 630px\" \/>\t\t\t\t\t\t\t\t\t\t\t\t\t\t\t<\/div>\n\t\t\t\t<\/div>\n\t\t\t\t\t<\/div>\n\t\t<\/div>\n\t\t\t\t<div class=\"elementor-column elementor-col-50 elementor-inner-column elementor-element elementor-element-482092f\" data-id=\"482092f\" data-element_type=\"column\" data-e-type=\"column\">\n\t\t\t<div class=\"elementor-widget-wrap elementor-element-populated\">\n\t\t\t\t\t\t<div class=\"elementor-element elementor-element-02cef64 elementor-widget elementor-widget-heading\" data-id=\"02cef64\" data-element_type=\"widget\" data-e-type=\"widget\" data-widget_type=\"heading.default\">\n\t\t\t\t<div class=\"elementor-widget-container\">\n\t\t\t\t\t<h2 class=\"elementor-heading-title elementor-size-default\">Ind\u00e9pendance<\/h2>\t\t\t\t<\/div>\n\t\t\t\t<\/div>\n\t\t\t\t<div class=\"elementor-element elementor-element-d1bc2ea elementor-widget elementor-widget-text-editor\" data-id=\"d1bc2ea\" data-element_type=\"widget\" data-e-type=\"widget\" data-widget_type=\"text-editor.default\">\n\t\t\t\t<div class=\"elementor-widget-container\">\n\t\t\t\t\t\t\t\t\t<p>Nous offrons des conseils objectifs et impartiaux en mati\u00e8re de gestion de patrimoine sans quota de vente. Notre approche souple \u00e0 l\u2019\u00e9gard des besoins complexes des clients fortun\u00e9s est la preuve que la gestion de patrimoine a \u00e9volu\u00e9 depuis l\u2019\u00e9poque de la vente de solutions communes et sans originalit\u00e9, et qu\u2019elle se traduit maintenant par des services sp\u00e9cialis\u00e9s et des conseils ind\u00e9pendants. Nos conseillers sont libres de faire ce qui est le mieux pour leurs clients, chaque fois.<\/p>\t\t\t\t\t\t\t\t<\/div>\n\t\t\t\t<\/div>\n\t\t\t\t\t<\/div>\n\t\t<\/div>\n\t\t\t\t\t<\/div>\n\t\t<\/section>\n\t\t\t\t<div class=\"elementor-element elementor-element-1e0617a elementor-widget-divider--view-line elementor-widget elementor-widget-divider\" data-id=\"1e0617a\" data-element_type=\"widget\" data-e-type=\"widget\" data-widget_type=\"divider.default\">\n\t\t\t\t<div class=\"elementor-widget-container\">\n\t\t\t\t\t\t\t<div class=\"elementor-divider\">\n\t\t\t<span class=\"elementor-divider-separator\">\n\t\t\t\t\t\t<\/span>\n\t\t<\/div>\n\t\t\t\t\t\t<\/div>\n\t\t\t\t<\/div>\n\t\t\t\t<section class=\"elementor-section elementor-inner-section elementor-element elementor-element-f2307bb elementor-section-boxed elementor-section-height-default elementor-section-height-default\" data-id=\"f2307bb\" data-element_type=\"section\" data-e-type=\"section\">\n\t\t\t\t\t\t<div class=\"elementor-container elementor-column-gap-wider\">\n\t\t\t\t\t<div class=\"elementor-column elementor-col-50 elementor-inner-column elementor-element elementor-element-8f6638d\" data-id=\"8f6638d\" data-element_type=\"column\" data-e-type=\"column\">\n\t\t\t<div class=\"elementor-widget-wrap elementor-element-populated\">\n\t\t\t\t\t\t<div class=\"elementor-element elementor-element-ba8e1f8 elementor-widget elementor-widget-image\" data-id=\"ba8e1f8\" data-element_type=\"widget\" data-e-type=\"widget\" data-widget_type=\"image.default\">\n\t\t\t\t<div class=\"elementor-widget-container\">\n\t\t\t\t\t\t\t\t\t\t\t\t\t\t\t<img decoding=\"async\" width=\"800\" height=\"800\" src=\"https:\/\/wellington-altus.ca\/wp-content\/uploads\/2021\/09\/iStock-865302622.jpg\" class=\"attachment-large size-large wp-image-3803\" alt=\"\" srcset=\"https:\/\/wellington-altus.ca\/wp-content\/uploads\/2021\/09\/iStock-865302622.jpg 800w, https:\/\/wellington-altus.ca\/wp-content\/uploads\/2021\/09\/iStock-865302622-300x300.jpg 300w, https:\/\/wellington-altus.ca\/wp-content\/uploads\/2021\/09\/iStock-865302622-150x150.jpg 150w, https:\/\/wellington-altus.ca\/wp-content\/uploads\/2021\/09\/iStock-865302622-768x768.jpg 768w\" sizes=\"(max-width: 800px) 100vw, 800px\" \/>\t\t\t\t\t\t\t\t\t\t\t\t\t\t\t<\/div>\n\t\t\t\t<\/div>\n\t\t\t\t\t<\/div>\n\t\t<\/div>\n\t\t\t\t<div class=\"elementor-column elementor-col-50 elementor-inner-column elementor-element elementor-element-f4d74b8\" data-id=\"f4d74b8\" data-element_type=\"column\" data-e-type=\"column\">\n\t\t\t<div class=\"elementor-widget-wrap elementor-element-populated\">\n\t\t\t\t\t\t<div class=\"elementor-element elementor-element-cd240ce elementor-widget elementor-widget-heading\" data-id=\"cd240ce\" data-element_type=\"widget\" data-e-type=\"widget\" data-widget_type=\"heading.default\">\n\t\t\t\t<div class=\"elementor-widget-container\">\n\t\t\t\t\t<h2 class=\"elementor-heading-title elementor-size-default\">Une exp\u00e9rience client exceptionnelle<\/h2>\t\t\t\t<\/div>\n\t\t\t\t<\/div>\n\t\t\t\t<div class=\"elementor-element elementor-element-102187c elementor-widget elementor-widget-text-editor\" data-id=\"102187c\" data-element_type=\"widget\" data-e-type=\"widget\" data-widget_type=\"text-editor.default\">\n\t\t\t\t<div class=\"elementor-widget-container\">\n\t\t\t\t\t\t\t\t\tChez Wellington-Altus, nous accueillons l\u2019innovation, nous reconnaissons l\u2019importance de l\u2019investissement dans la technologie et nous croyons qu\u2019il est essentiel d\u2019offrir ce qu\u2019il a de mieux \u00e0 nos clients et \u00e0 nos conseillers. Nous avons \u00e9tabli des partenariats avec des fournisseurs de pointe afin d\u2019offrir une technologie et des plateformes de premier ordre, et nous avons acc\u00e8s \u00e0 certaines des meilleures solutions de gestion financi\u00e8re au Canada. Puisqu\u2019ils sont pleinement op\u00e9rationnels au moyen de l\u2019acc\u00e8s \u00e0 distance, nos conseillers peuvent facilement servir les clients en tout temps, n\u2019importe o\u00f9.\t\t\t\t\t\t\t\t<\/div>\n\t\t\t\t<\/div>\n\t\t\t\t\t<\/div>\n\t\t<\/div>\n\t\t\t\t\t<\/div>\n\t\t<\/section>\n\t\t\t\t\t<\/div>\n\t\t<\/div>\n\t\t\t\t\t<\/div>\n\t\t<\/section>\n\t\t\t\t<\/div>","protected":false},"excerpt":{"rendered":"<p>Why Wellington-Altus?\u200b Wellington-Altus was built by experienced independent advisors to better serve clients through a holistic approach to financial planning, investment and protection. Safety of Assets At Wellington-Altus, you get the best of both worlds: truly independent and objective advice with big bank safety. We have rock-solid financial stability with the security of a Schedule [&hellip;]<\/p>\n","protected":false},"author":14,"featured_media":4038,"parent":410,"menu_order":0,"comment_status":"closed","ping_status":"closed","template":"elementor_header_footer","meta":{"_acf_changed":false,"footnotes":""},"class_list":["post-445","page","type-page","status-publish","has-post-thumbnail","hentry"],"acf":[],"yoast_head":"<!-- This site is optimized with the Yoast SEO plugin v27.2 - https:\/\/yoast.com\/product\/yoast-seo-wordpress\/ -->\n<title>Why Wellington-Altus - Wellington-Altus<\/title>\n<meta name=\"description\" content=\"Wellington-Altus was built by experienced independent advisors to better serve clients through a holistic approach to financial planning, investment and protection.\" \/>\n<meta name=\"robots\" content=\"index, follow, max-snippet:-1, max-image-preview:large, max-video-preview:-1\" \/>\n<link rel=\"canonical\" href=\"https:\/\/wellington-altus.ca\/fr\/about\/why-wellington-altus\/\" \/>\n<meta property=\"og:locale\" content=\"fr_CA\" \/>\n<meta property=\"og:type\" content=\"article\" \/>\n<meta property=\"og:title\" content=\"Why Wellington-Altus - Wellington-Altus\" \/>\n<meta property=\"og:description\" content=\"Wellington-Altus was built by experienced independent advisors to better serve clients through a holistic approach to financial planning, investment and protection.\" \/>\n<meta property=\"og:url\" content=\"https:\/\/wellington-altus.ca\/fr\/about\/why-wellington-altus\/\" \/>\n<meta property=\"og:site_name\" content=\"Wellington-Altus\" \/>\n<meta property=\"article:modified_time\" content=\"2023-06-14T15:35:23+00:00\" \/>\n<meta property=\"og:image\" content=\"https:\/\/www.wellington-altus.ca\/wp-content\/uploads\/2021\/10\/WA-Featured-Image.png\" \/>\n\t<meta property=\"og:image:width\" content=\"1200\" \/>\n\t<meta property=\"og:image:height\" content=\"628\" \/>\n\t<meta property=\"og:image:type\" content=\"image\/png\" \/>\n<meta name=\"twitter:card\" content=\"summary_large_image\" \/>\n<meta name=\"twitter:label1\" content=\"Estimation du temps de lecture\" \/>\n\t<meta name=\"twitter:data1\" content=\"2 minutes\" \/>\n<script type=\"application\/ld+json\" class=\"yoast-schema-graph\">{\"@context\":\"https:\/\/schema.org\",\"@graph\":[{\"@type\":\"WebPage\",\"@id\":\"https:\/\/wellington-altus.ca\/about\/why-wellington-altus\/\",\"url\":\"https:\/\/wellington-altus.ca\/about\/why-wellington-altus\/\",\"name\":\"Why Wellington-Altus - Wellington-Altus\",\"isPartOf\":{\"@id\":\"https:\/\/wellington-altus.ca\/#website\"},\"primaryImageOfPage\":{\"@id\":\"https:\/\/wellington-altus.ca\/about\/why-wellington-altus\/#primaryimage\"},\"image\":{\"@id\":\"https:\/\/wellington-altus.ca\/about\/why-wellington-altus\/#primaryimage\"},\"thumbnailUrl\":\"https:\/\/wellington-altus.ca\/wp-content\/uploads\/2021\/10\/WA-Featured-Image.png\",\"datePublished\":\"2020-10-13T20:35:08+00:00\",\"dateModified\":\"2023-06-14T15:35:23+00:00\",\"description\":\"Wellington-Altus was built by experienced independent advisors to better serve clients through a holistic approach to financial planning, investment and protection.\",\"breadcrumb\":{\"@id\":\"https:\/\/wellington-altus.ca\/about\/why-wellington-altus\/#breadcrumb\"},\"inLanguage\":\"fr-CA\",\"potentialAction\":[{\"@type\":\"ReadAction\",\"target\":[\"https:\/\/wellington-altus.ca\/about\/why-wellington-altus\/\"]}]},{\"@type\":\"ImageObject\",\"inLanguage\":\"fr-CA\",\"@id\":\"https:\/\/wellington-altus.ca\/about\/why-wellington-altus\/#primaryimage\",\"url\":\"https:\/\/wellington-altus.ca\/wp-content\/uploads\/2021\/10\/WA-Featured-Image.png\",\"contentUrl\":\"https:\/\/wellington-altus.ca\/wp-content\/uploads\/2021\/10\/WA-Featured-Image.png\",\"width\":1200,\"height\":628,\"caption\":\"Wellington-Altus\"},{\"@type\":\"BreadcrumbList\",\"@id\":\"https:\/\/wellington-altus.ca\/about\/why-wellington-altus\/#breadcrumb\",\"itemListElement\":[{\"@type\":\"ListItem\",\"position\":1,\"name\":\"Home\",\"item\":\"https:\/\/wellington-altus.ca\/\"},{\"@type\":\"ListItem\",\"position\":2,\"name\":\"About\",\"item\":\"https:\/\/wellington-altus.ca\/about\/\"},{\"@type\":\"ListItem\",\"position\":3,\"name\":\"Why Wellington-Altus\"}]},{\"@type\":\"WebSite\",\"@id\":\"https:\/\/wellington-altus.ca\/#website\",\"url\":\"https:\/\/wellington-altus.ca\/\",\"name\":\"Wellington-Altus\",\"description\":\"Independent Private Wealth Management, Holistic Wealth Planning, Investment and Protection\",\"publisher\":{\"@id\":\"https:\/\/wellington-altus.ca\/#organization\"},\"potentialAction\":[{\"@type\":\"SearchAction\",\"target\":{\"@type\":\"EntryPoint\",\"urlTemplate\":\"https:\/\/wellington-altus.ca\/?s={search_term_string}\"},\"query-input\":{\"@type\":\"PropertyValueSpecification\",\"valueRequired\":true,\"valueName\":\"search_term_string\"}}],\"inLanguage\":\"fr-CA\"},{\"@type\":\"Organization\",\"@id\":\"https:\/\/wellington-altus.ca\/#organization\",\"name\":\"Wellington-Altus\",\"url\":\"https:\/\/wellington-altus.ca\/\",\"logo\":{\"@type\":\"ImageObject\",\"inLanguage\":\"fr-CA\",\"@id\":\"https:\/\/wellington-altus.ca\/#\/schema\/logo\/image\/\",\"url\":\"https:\/\/wellington-altus.ca\/wp-content\/uploads\/2020\/09\/WA_Logo_PMS_432C.png\",\"contentUrl\":\"https:\/\/wellington-altus.ca\/wp-content\/uploads\/2020\/09\/WA_Logo_PMS_432C.png\",\"width\":800,\"height\":246,\"caption\":\"Wellington-Altus\"},\"image\":{\"@id\":\"https:\/\/wellington-altus.ca\/#\/schema\/logo\/image\/\"}}]}<\/script>\n<!-- \/ Yoast SEO plugin. -->","yoast_head_json":{"title":"Why Wellington-Altus - Wellington-Altus","description":"Wellington-Altus a \u00e9t\u00e9 \u00e9tablie par des conseillers ind\u00e9pendants chevronn\u00e9s afin de mieux servir les clients gr\u00e2ce \u00e0 une approche holistique de la planification financi\u00e8re, des placements et de la protection.","robots":{"index":"index","follow":"follow","max-snippet":"max-snippet:-1","max-image-preview":"max-image-preview:large","max-video-preview":"max-video-preview:-1"},"canonical":"https:\/\/wellington-altus.ca\/fr\/about\/why-wellington-altus\/","og_locale":"fr_CA","og_type":"article","og_title":"Why Wellington-Altus - Wellington-Altus","og_description":"Wellington-Altus was built by experienced independent advisors to better serve clients through a holistic approach to financial planning, investment and protection.","og_url":"https:\/\/wellington-altus.ca\/fr\/about\/why-wellington-altus\/","og_site_name":"Wellington-Altus","article_modified_time":"2023-06-14T15:35:23+00:00","og_image":[{"width":1200,"height":628,"url":"https:\/\/www.wellington-altus.ca\/wp-content\/uploads\/2021\/10\/WA-Featured-Image.png","type":"image\/png"}],"twitter_card":"summary_large_image","twitter_misc":{"Estimation du temps de lecture":"2 minutes"},"schema":{"@context":"https:\/\/schema.org","@graph":[{"@type":"WebPage","@id":"https:\/\/wellington-altus.ca\/about\/why-wellington-altus\/","url":"https:\/\/wellington-altus.ca\/about\/why-wellington-altus\/","name":"Why Wellington-Altus - Wellington-Altus","isPartOf":{"@id":"https:\/\/wellington-altus.ca\/#website"},"primaryImageOfPage":{"@id":"https:\/\/wellington-altus.ca\/about\/why-wellington-altus\/#primaryimage"},"image":{"@id":"https:\/\/wellington-altus.ca\/about\/why-wellington-altus\/#primaryimage"},"thumbnailUrl":"https:\/\/wellington-altus.ca\/wp-content\/uploads\/2021\/10\/WA-Featured-Image.png","datePublished":"2020-10-13T20:35:08+00:00","dateModified":"2023-06-14T15:35:23+00:00","description":"Wellington-Altus a \u00e9t\u00e9 \u00e9tablie par des conseillers ind\u00e9pendants chevronn\u00e9s afin de mieux servir les clients gr\u00e2ce \u00e0 une approche holistique de la planification financi\u00e8re, des placements et de la protection.","breadcrumb":{"@id":"https:\/\/wellington-altus.ca\/about\/why-wellington-altus\/#breadcrumb"},"inLanguage":"fr-CA","potentialAction":[{"@type":"ReadAction","target":["https:\/\/wellington-altus.ca\/about\/why-wellington-altus\/"]}]},{"@type":"ImageObject","inLanguage":"fr-CA","@id":"https:\/\/wellington-altus.ca\/about\/why-wellington-altus\/#primaryimage","url":"https:\/\/wellington-altus.ca\/wp-content\/uploads\/2021\/10\/WA-Featured-Image.png","contentUrl":"https:\/\/wellington-altus.ca\/wp-content\/uploads\/2021\/10\/WA-Featured-Image.png","width":1200,"height":628,"caption":"Wellington-Altus"},{"@type":"BreadcrumbList","@id":"https:\/\/wellington-altus.ca\/about\/why-wellington-altus\/#breadcrumb","itemListElement":[{"@type":"ListItem","position":1,"name":"Home","item":"https:\/\/wellington-altus.ca\/"},{"@type":"ListItem","position":2,"name":"About","item":"https:\/\/wellington-altus.ca\/about\/"},{"@type":"ListItem","position":3,"name":"Why Wellington-Altus"}]},{"@type":"WebSite","@id":"https:\/\/wellington-altus.ca\/#website","url":"https:\/\/wellington-altus.ca\/","name":"Wellington-Altus","description":"Independent Private Wealth Management, Holistic Wealth Planning, Investment and Protection","publisher":{"@id":"https:\/\/wellington-altus.ca\/#organization"},"potentialAction":[{"@type":"SearchAction","target":{"@type":"EntryPoint","urlTemplate":"https:\/\/wellington-altus.ca\/?s={search_term_string}"},"query-input":{"@type":"PropertyValueSpecification","valueRequired":true,"valueName":"search_term_string"}}],"inLanguage":"fr-CA"},{"@type":"Organization","@id":"https:\/\/wellington-altus.ca\/#organization","name":"Wellington-Altus","url":"https:\/\/wellington-altus.ca\/","logo":{"@type":"ImageObject","inLanguage":"fr-CA","@id":"https:\/\/wellington-altus.ca\/#\/schema\/logo\/image\/","url":"https:\/\/wellington-altus.ca\/wp-content\/uploads\/2020\/09\/WA_Logo_PMS_432C.png","contentUrl":"https:\/\/wellington-altus.ca\/wp-content\/uploads\/2020\/09\/WA_Logo_PMS_432C.png","width":800,"height":246,"caption":"Wellington-Altus"},"image":{"@id":"https:\/\/wellington-altus.ca\/#\/schema\/logo\/image\/"}}]}},"_links":{"self":[{"href":"https:\/\/wellington-altus.ca\/fr\/wp-json\/wp\/v2\/pages\/445","targetHints":{"allow":["GET"]}}],"collection":[{"href":"https:\/\/wellington-altus.ca\/fr\/wp-json\/wp\/v2\/pages"}],"about":[{"href":"https:\/\/wellington-altus.ca\/fr\/wp-json\/wp\/v2\/types\/page"}],"author":[{"embeddable":true,"href":"https:\/\/wellington-altus.ca\/fr\/wp-json\/wp\/v2\/users\/14"}],"replies":[{"embeddable":true,"href":"https:\/\/wellington-altus.ca\/fr\/wp-json\/wp\/v2\/comments?post=445"}],"version-history":[{"count":78,"href":"https:\/\/wellington-altus.ca\/fr\/wp-json\/wp\/v2\/pages\/445\/revisions"}],"predecessor-version":[{"id":7499,"href":"https:\/\/wellington-altus.ca\/fr\/wp-json\/wp\/v2\/pages\/445\/revisions\/7499"}],"up":[{"embeddable":true,"href":"https:\/\/wellington-altus.ca\/fr\/wp-json\/wp\/v2\/pages\/410"}],"wp:featuredmedia":[{"embeddable":true,"href":"https:\/\/wellington-altus.ca\/fr\/wp-json\/wp\/v2\/media\/4038"}],"wp:attachment":[{"href":"https:\/\/wellington-altus.ca\/fr\/wp-json\/wp\/v2\/media?parent=445"}],"curies":[{"name":"wp","href":"https:\/\/api.w.org\/{rel}","templated":true}]}}