{"id":468,"date":"2020-10-13T17:22:39","date_gmt":"2020-10-13T22:22:39","guid":{"rendered":"http:\/\/3.96.13.48\/?page_id=468"},"modified":"2024-03-08T11:54:29","modified_gmt":"2024-03-08T16:54:29","slug":"a-private-client-experience","status":"publish","type":"page","link":"https:\/\/wellington-altus.ca\/fr\/about\/a-private-client-experience\/","title":{"rendered":"Une exp\u00e9rience client priv\u00e9e"},"content":{"rendered":"<div data-elementor-type=\"wp-page\" data-elementor-id=\"468\" class=\"elementor elementor-468\" data-elementor-post-type=\"page\">\n\t\t\t\t\t\t<section class=\"elementor-section elementor-top-section elementor-element elementor-element-4bc62ce elementor-section-height-min-height elementor-section-content-bottom elementor-section-boxed elementor-section-height-default elementor-section-items-middle\" data-id=\"4bc62ce\" data-element_type=\"section\" data-e-type=\"section\" data-settings=\"{&quot;background_background&quot;:&quot;gradient&quot;}\">\n\t\t\t\t\t\t\t<div class=\"elementor-background-overlay\"><\/div>\n\t\t\t\t\t\t\t<div class=\"elementor-container elementor-column-gap-default\">\n\t\t\t\t\t<div class=\"elementor-column elementor-col-100 elementor-top-column elementor-element elementor-element-20efe23\" data-id=\"20efe23\" data-element_type=\"column\" data-e-type=\"column\">\n\t\t\t<div class=\"elementor-widget-wrap elementor-element-populated\">\n\t\t\t\t\t\t<div class=\"elementor-element elementor-element-5c3ff26 elementor-widget elementor-widget-heading\" data-id=\"5c3ff26\" data-element_type=\"widget\" data-e-type=\"widget\" data-widget_type=\"heading.default\">\n\t\t\t\t<div class=\"elementor-widget-container\">\n\t\t\t\t\t<h1 class=\"elementor-heading-title elementor-size-default\">Une exp\u00e9rience client priv\u00e9e<\/h1>\t\t\t\t<\/div>\n\t\t\t\t<\/div>\n\t\t\t\t<div class=\"elementor-element elementor-element-11b967f elementor-widget elementor-widget-text-editor\" data-id=\"11b967f\" data-element_type=\"widget\" data-e-type=\"widget\" data-widget_type=\"text-editor.default\">\n\t\t\t\t<div class=\"elementor-widget-container\">\n\t\t\t\t\t\t\t\t\t<p>Tout ce dont vous avez besoin, quand vous en avez besoin.<\/p>\t\t\t\t\t\t\t\t<\/div>\n\t\t\t\t<\/div>\n\t\t\t\t<div class=\"elementor-element elementor-element-664bc23 elementor-widget elementor-widget-text-editor\" data-id=\"664bc23\" data-element_type=\"widget\" data-e-type=\"widget\" data-widget_type=\"text-editor.default\">\n\t\t\t\t<div class=\"elementor-widget-container\">\n\t\t\t\t\t\t\t\t\tUne cha\u00eene h\u00f4teli\u00e8re mondiale a r\u00e9ussi \u00e0 faire vivre \u00e0 ses clients priv\u00e9s une exp\u00e9rience unique gr\u00e2ce \u00e0 son slogan Whatever\/Whenever : Quoi que ce soit \/ En tout temps. Nous croyons que c\u2019est ce que devrait \u00eatre une exp\u00e9rience client vraiment exceptionnelle parce que le service concerne les gens, et pour nous, il s\u2019agit de deux types de personnes, soit nos clients et nos conseillers.\t\t\t\t\t\t\t\t<\/div>\n\t\t\t\t<\/div>\n\t\t\t\t\t<\/div>\n\t\t<\/div>\n\t\t\t\t\t<\/div>\n\t\t<\/section>\n\t\t\t\t<section class=\"elementor-section elementor-top-section elementor-element elementor-element-dc5d59b elementor-section-boxed elementor-section-height-default elementor-section-height-default\" data-id=\"dc5d59b\" data-element_type=\"section\" data-e-type=\"section\">\n\t\t\t\t\t\t<div class=\"elementor-container elementor-column-gap-wider\">\n\t\t\t\t\t<div class=\"elementor-column elementor-col-50 elementor-top-column elementor-element elementor-element-2daf083\" data-id=\"2daf083\" data-element_type=\"column\" data-e-type=\"column\">\n\t\t\t<div class=\"elementor-widget-wrap elementor-element-populated\">\n\t\t\t\t\t\t<div class=\"elementor-element elementor-element-07a903f elementor-widget elementor-widget-text-editor\" data-id=\"07a903f\" data-element_type=\"widget\" data-e-type=\"widget\" data-widget_type=\"text-editor.default\">\n\t\t\t\t<div class=\"elementor-widget-container\">\n\t\t\t\t\t\t\t\t\tLes placements, les assurances et les plans financiers sont essentiellement des produits intangibles. Vous ne pouvez pas les toucher ou les sentir, mais les jugements \u00e0 leur sujet sont fond\u00e9s sur la relation entre vous et votre conseiller en placement.\t\t\t\t\t\t\t\t<\/div>\n\t\t\t\t<\/div>\n\t\t\t\t<div class=\"elementor-element elementor-element-46cf563 elementor-widget elementor-widget-text-editor\" data-id=\"46cf563\" data-element_type=\"widget\" data-e-type=\"widget\" data-widget_type=\"text-editor.default\">\n\t\t\t\t<div class=\"elementor-widget-container\">\n\t\t\t\t\t\t\t\t\t<p>Notre travail consiste donc \u00e0 apprendre \u00e0 conna\u00eetre les personnes et les familles que nous servons en tant que clients. Une fois que nous commen\u00e7ons \u00e0 vraiment comprendre vos besoins, votre situation et vos objectifs, nous constituons d\u00e9lib\u00e9r\u00e9ment et m\u00e9thodiquement une \u00e9quipe d\u2019experts autour de vous et de votre portefeuille. Ces sp\u00e9cialistes chevronn\u00e9s sont \u00e9tablis \u00e0 l\u2019\u00e9chelle locale, et ils sont donc ici, dans votre communaut\u00e9. Les \u00e9quipes peuvent comprendre des planificateurs financiers, des strat\u00e8ges en gestion de patrimoine, des gestionnaires de portefeuille et plus encore, habituellement de cinq \u00e0 sept personnes d\u00e9vou\u00e9es \u00e0 votre client\u00e8le. Le travail de l\u2019\u00e9quipe consiste \u00e0 fournir toute l\u2019expertise de Wellington-Altus d\u2019une mani\u00e8re hautement personnalis\u00e9e.<\/p><p>Nous croyons que les clients d\u2019aujourd\u2019hui sont intelligents et arm\u00e9s de donn\u00e9es, d\u2019information et d\u2019acc\u00e8s au savoir. Les entreprises gagnantes, surtout dans des secteurs hautement concurrentiels comme la gestion de patrimoine, seront celles qui pourront comprendre et pr\u00e9voir ce que leurs clients veulent vraiment.<\/p><p>Gr\u00e2ce \u00e0 des solutions avant-gardistes et \u00e0 une exp\u00e9rience client in\u00e9gal\u00e9e, Wellington-Altus vise \u00e0 offrir ce qui ne peut \u00eatre consid\u00e9r\u00e9 que comme une v\u00e9ritable exp\u00e9rience client priv\u00e9e.<\/p>\t\t\t\t\t\t\t\t<\/div>\n\t\t\t\t<\/div>\n\t\t\t\t\t<\/div>\n\t\t<\/div>\n\t\t\t\t<div class=\"elementor-column elementor-col-50 elementor-top-column elementor-element elementor-element-e66e3d7\" data-id=\"e66e3d7\" data-element_type=\"column\" data-e-type=\"column\" data-settings=\"{&quot;background_background&quot;:&quot;classic&quot;}\">\n\t\t\t<div class=\"elementor-widget-wrap elementor-element-populated\">\n\t\t\t\t\t\t<section class=\"elementor-section elementor-inner-section elementor-element elementor-element-765b338 elementor-section-boxed elementor-section-height-default elementor-section-height-default\" data-id=\"765b338\" data-element_type=\"section\" data-e-type=\"section\">\n\t\t\t\t\t\t<div class=\"elementor-container elementor-column-gap-default\">\n\t\t\t\t\t<div class=\"elementor-column elementor-col-100 elementor-inner-column elementor-element elementor-element-b7b4d66\" data-id=\"b7b4d66\" data-element_type=\"column\" data-e-type=\"column\">\n\t\t\t<div class=\"elementor-widget-wrap elementor-element-populated\">\n\t\t\t\t\t\t<div class=\"elementor-element elementor-element-2857d1d photo elementor-hidden-tablet elementor-hidden-phone elementor-widget elementor-widget-image\" data-id=\"2857d1d\" data-element_type=\"widget\" data-e-type=\"widget\" data-widget_type=\"image.default\">\n\t\t\t\t<div class=\"elementor-widget-container\">\n\t\t\t\t\t\t\t\t\t\t\t\t\t\t\t<img decoding=\"async\" src=\"https:\/\/test.wellington-altus.ca\/wp-content\/uploads\/2020\/11\/Hauser_Shaun.jpg\" title=\"\" alt=\"\" loading=\"lazy\" \/>\t\t\t\t\t\t\t\t\t\t\t\t\t\t\t<\/div>\n\t\t\t\t<\/div>\n\t\t\t\t<div class=\"elementor-element elementor-element-9b857ac elementor-blockquote--skin-quotation elementor-blockquote--align-left elementor-widget elementor-widget-blockquote\" data-id=\"9b857ac\" data-element_type=\"widget\" data-e-type=\"widget\" data-widget_type=\"blockquote.default\">\n\t\t\t\t<div class=\"elementor-widget-container\">\n\t\t\t\t\t\t\t<blockquote class=\"elementor-blockquote\">\n\t\t\t<p class=\"elementor-blockquote__content\">\n\t\t\t\t\u00ab Chaque client est unique et c\u2019est pourquoi il passe en premier. Ce ne sont ni les ventes, ni les objectifs, ni les seuils minimums de rentabilit\u00e9 qui pourraient les remplacer. \u00bb\t\t\t<\/p>\n\t\t\t\t\t\t\t<div class=\"e-q-footer\">\n\t\t\t\t\t\t\t\t\t\t\t<cite class=\"elementor-blockquote__author\">Shaun Hauser<br>Fondateur et chef de la direction, Financi\u00e8re Wellington-Altus<\/cite>\n\t\t\t\t\t\t\t\t\t\t\t\t\t\t<\/div>\n\t\t\t\t\t<\/blockquote>\n\t\t\t\t\t\t<\/div>\n\t\t\t\t<\/div>\n\t\t\t\t\t<\/div>\n\t\t<\/div>\n\t\t\t\t\t<\/div>\n\t\t<\/section>\n\t\t\t\t\t<\/div>\n\t\t<\/div>\n\t\t\t\t\t<\/div>\n\t\t<\/section>\n\t\t\t\t<\/div>","protected":false},"excerpt":{"rendered":"<p>A Private Client Experience Whatever you need, whenever you need it. A global hotel chain nailed the private client experience with their slogan, Whatever\/Whenever. We believe that\u2019s what a truly exceptional client experience should be\u2014because service is all about people, and to us, it\u2019s about two types of people: our clients and our advisors.Investments, insurance [&hellip;]<\/p>\n","protected":false},"author":14,"featured_media":4038,"parent":410,"menu_order":0,"comment_status":"closed","ping_status":"closed","template":"elementor_header_footer","meta":{"_acf_changed":false,"footnotes":""},"class_list":["post-468","page","type-page","status-publish","has-post-thumbnail","hentry"],"acf":[],"yoast_head":"<!-- This site is optimized with the Yoast SEO plugin v27.2 - https:\/\/yoast.com\/product\/yoast-seo-wordpress\/ -->\n<title>A Private Client Experience - Wellington-Altus<\/title>\n<meta name=\"description\" content=\"Whatever you need, whenever you need it. A global hotel chain nailed the private client experience with their slogan, Whatever\/Whenever. We believe that\u2019s what a truly exceptional client experience should be\u2014because service is all about people, and to us, it\u2019s about two types of people: our clients and our advisors.\" \/>\n<meta name=\"robots\" content=\"index, follow, max-snippet:-1, max-image-preview:large, max-video-preview:-1\" \/>\n<link rel=\"canonical\" href=\"https:\/\/wellington-altus.ca\/fr\/about\/a-private-client-experience\/\" \/>\n<meta property=\"og:locale\" content=\"fr_CA\" \/>\n<meta property=\"og:type\" content=\"article\" \/>\n<meta property=\"og:title\" content=\"A Private Client Experience - Wellington-Altus\" \/>\n<meta property=\"og:description\" content=\"Whatever you need, whenever you need it. A global hotel chain nailed the private client experience with their slogan, Whatever\/Whenever. We believe that\u2019s what a truly exceptional client experience should be\u2014because service is all about people, and to us, it\u2019s about two types of people: our clients and our advisors.\" \/>\n<meta property=\"og:url\" content=\"https:\/\/wellington-altus.ca\/fr\/about\/a-private-client-experience\/\" \/>\n<meta property=\"og:site_name\" content=\"Wellington-Altus\" \/>\n<meta property=\"article:modified_time\" content=\"2024-03-08T16:54:29+00:00\" \/>\n<meta property=\"og:image\" content=\"https:\/\/wellington-altus.ca\/wp-content\/uploads\/2021\/10\/WA-Featured-Image.png\" \/>\n\t<meta property=\"og:image:width\" content=\"1200\" \/>\n\t<meta property=\"og:image:height\" content=\"628\" \/>\n\t<meta property=\"og:image:type\" content=\"image\/png\" \/>\n<meta name=\"twitter:card\" content=\"summary_large_image\" \/>\n<meta name=\"twitter:label1\" content=\"Estimation du temps de lecture\" \/>\n\t<meta name=\"twitter:data1\" content=\"2 minutes\" \/>\n<script type=\"application\/ld+json\" class=\"yoast-schema-graph\">{\"@context\":\"https:\/\/schema.org\",\"@graph\":[{\"@type\":\"WebPage\",\"@id\":\"https:\/\/wellington-altus.ca\/about\/a-private-client-experience\/\",\"url\":\"https:\/\/wellington-altus.ca\/about\/a-private-client-experience\/\",\"name\":\"A Private Client Experience - Wellington-Altus\",\"isPartOf\":{\"@id\":\"https:\/\/wellington-altus.ca\/#website\"},\"primaryImageOfPage\":{\"@id\":\"https:\/\/wellington-altus.ca\/about\/a-private-client-experience\/#primaryimage\"},\"image\":{\"@id\":\"https:\/\/wellington-altus.ca\/about\/a-private-client-experience\/#primaryimage\"},\"thumbnailUrl\":\"https:\/\/wellington-altus.ca\/wp-content\/uploads\/2021\/10\/WA-Featured-Image.png\",\"datePublished\":\"2020-10-13T22:22:39+00:00\",\"dateModified\":\"2024-03-08T16:54:29+00:00\",\"description\":\"Whatever you need, whenever you need it. A global hotel chain nailed the private client experience with their slogan, Whatever\/Whenever. We believe that\u2019s what a truly exceptional client experience should be\u2014because service is all about people, and to us, it\u2019s about two types of people: our clients and our advisors.\",\"breadcrumb\":{\"@id\":\"https:\/\/wellington-altus.ca\/about\/a-private-client-experience\/#breadcrumb\"},\"inLanguage\":\"fr-CA\",\"potentialAction\":[{\"@type\":\"ReadAction\",\"target\":[\"https:\/\/wellington-altus.ca\/about\/a-private-client-experience\/\"]}]},{\"@type\":\"ImageObject\",\"inLanguage\":\"fr-CA\",\"@id\":\"https:\/\/wellington-altus.ca\/about\/a-private-client-experience\/#primaryimage\",\"url\":\"https:\/\/wellington-altus.ca\/wp-content\/uploads\/2021\/10\/WA-Featured-Image.png\",\"contentUrl\":\"https:\/\/wellington-altus.ca\/wp-content\/uploads\/2021\/10\/WA-Featured-Image.png\",\"width\":1200,\"height\":628,\"caption\":\"Wellington-Altus\"},{\"@type\":\"BreadcrumbList\",\"@id\":\"https:\/\/wellington-altus.ca\/about\/a-private-client-experience\/#breadcrumb\",\"itemListElement\":[{\"@type\":\"ListItem\",\"position\":1,\"name\":\"Home\",\"item\":\"https:\/\/wellington-altus.ca\/\"},{\"@type\":\"ListItem\",\"position\":2,\"name\":\"About\",\"item\":\"https:\/\/wellington-altus.ca\/about\/\"},{\"@type\":\"ListItem\",\"position\":3,\"name\":\"A Private Client Experience\"}]},{\"@type\":\"WebSite\",\"@id\":\"https:\/\/wellington-altus.ca\/#website\",\"url\":\"https:\/\/wellington-altus.ca\/\",\"name\":\"Wellington-Altus\",\"description\":\"Independent Private Wealth Management, Holistic Wealth Planning, Investment and Protection\",\"publisher\":{\"@id\":\"https:\/\/wellington-altus.ca\/#organization\"},\"potentialAction\":[{\"@type\":\"SearchAction\",\"target\":{\"@type\":\"EntryPoint\",\"urlTemplate\":\"https:\/\/wellington-altus.ca\/?s={search_term_string}\"},\"query-input\":{\"@type\":\"PropertyValueSpecification\",\"valueRequired\":true,\"valueName\":\"search_term_string\"}}],\"inLanguage\":\"fr-CA\"},{\"@type\":\"Organization\",\"@id\":\"https:\/\/wellington-altus.ca\/#organization\",\"name\":\"Wellington-Altus\",\"url\":\"https:\/\/wellington-altus.ca\/\",\"logo\":{\"@type\":\"ImageObject\",\"inLanguage\":\"fr-CA\",\"@id\":\"https:\/\/wellington-altus.ca\/#\/schema\/logo\/image\/\",\"url\":\"https:\/\/wellington-altus.ca\/wp-content\/uploads\/2020\/09\/WA_Logo_PMS_432C.png\",\"contentUrl\":\"https:\/\/wellington-altus.ca\/wp-content\/uploads\/2020\/09\/WA_Logo_PMS_432C.png\",\"width\":800,\"height\":246,\"caption\":\"Wellington-Altus\"},\"image\":{\"@id\":\"https:\/\/wellington-altus.ca\/#\/schema\/logo\/image\/\"}}]}<\/script>\n<!-- \/ Yoast SEO plugin. -->","yoast_head_json":{"title":"A Private Client Experience - Wellington-Altus","description":"Whatever you need, whenever you need it. A global hotel chain nailed the private client experience with their slogan, Whatever\/Whenever. We believe that\u2019s what a truly exceptional client experience should be\u2014because service is all about people, and to us, it\u2019s about two types of people: our clients and our advisors.","robots":{"index":"index","follow":"follow","max-snippet":"max-snippet:-1","max-image-preview":"max-image-preview:large","max-video-preview":"max-video-preview:-1"},"canonical":"https:\/\/wellington-altus.ca\/fr\/about\/a-private-client-experience\/","og_locale":"fr_CA","og_type":"article","og_title":"A Private Client Experience - Wellington-Altus","og_description":"Whatever you need, whenever you need it. A global hotel chain nailed the private client experience with their slogan, Whatever\/Whenever. We believe that\u2019s what a truly exceptional client experience should be\u2014because service is all about people, and to us, it\u2019s about two types of people: our clients and our advisors.","og_url":"https:\/\/wellington-altus.ca\/fr\/about\/a-private-client-experience\/","og_site_name":"Wellington-Altus","article_modified_time":"2024-03-08T16:54:29+00:00","og_image":[{"width":1200,"height":628,"url":"https:\/\/wellington-altus.ca\/wp-content\/uploads\/2021\/10\/WA-Featured-Image.png","type":"image\/png"}],"twitter_card":"summary_large_image","twitter_misc":{"Estimation du temps de lecture":"2 minutes"},"schema":{"@context":"https:\/\/schema.org","@graph":[{"@type":"WebPage","@id":"https:\/\/wellington-altus.ca\/about\/a-private-client-experience\/","url":"https:\/\/wellington-altus.ca\/about\/a-private-client-experience\/","name":"A Private Client Experience - Wellington-Altus","isPartOf":{"@id":"https:\/\/wellington-altus.ca\/#website"},"primaryImageOfPage":{"@id":"https:\/\/wellington-altus.ca\/about\/a-private-client-experience\/#primaryimage"},"image":{"@id":"https:\/\/wellington-altus.ca\/about\/a-private-client-experience\/#primaryimage"},"thumbnailUrl":"https:\/\/wellington-altus.ca\/wp-content\/uploads\/2021\/10\/WA-Featured-Image.png","datePublished":"2020-10-13T22:22:39+00:00","dateModified":"2024-03-08T16:54:29+00:00","description":"Whatever you need, whenever you need it. A global hotel chain nailed the private client experience with their slogan, Whatever\/Whenever. We believe that\u2019s what a truly exceptional client experience should be\u2014because service is all about people, and to us, it\u2019s about two types of people: our clients and our advisors.","breadcrumb":{"@id":"https:\/\/wellington-altus.ca\/about\/a-private-client-experience\/#breadcrumb"},"inLanguage":"fr-CA","potentialAction":[{"@type":"ReadAction","target":["https:\/\/wellington-altus.ca\/about\/a-private-client-experience\/"]}]},{"@type":"ImageObject","inLanguage":"fr-CA","@id":"https:\/\/wellington-altus.ca\/about\/a-private-client-experience\/#primaryimage","url":"https:\/\/wellington-altus.ca\/wp-content\/uploads\/2021\/10\/WA-Featured-Image.png","contentUrl":"https:\/\/wellington-altus.ca\/wp-content\/uploads\/2021\/10\/WA-Featured-Image.png","width":1200,"height":628,"caption":"Wellington-Altus"},{"@type":"BreadcrumbList","@id":"https:\/\/wellington-altus.ca\/about\/a-private-client-experience\/#breadcrumb","itemListElement":[{"@type":"ListItem","position":1,"name":"Home","item":"https:\/\/wellington-altus.ca\/"},{"@type":"ListItem","position":2,"name":"About","item":"https:\/\/wellington-altus.ca\/about\/"},{"@type":"ListItem","position":3,"name":"A Private Client Experience"}]},{"@type":"WebSite","@id":"https:\/\/wellington-altus.ca\/#website","url":"https:\/\/wellington-altus.ca\/","name":"Wellington-Altus","description":"Independent Private Wealth Management, Holistic Wealth Planning, Investment and Protection","publisher":{"@id":"https:\/\/wellington-altus.ca\/#organization"},"potentialAction":[{"@type":"SearchAction","target":{"@type":"EntryPoint","urlTemplate":"https:\/\/wellington-altus.ca\/?s={search_term_string}"},"query-input":{"@type":"PropertyValueSpecification","valueRequired":true,"valueName":"search_term_string"}}],"inLanguage":"fr-CA"},{"@type":"Organization","@id":"https:\/\/wellington-altus.ca\/#organization","name":"Wellington-Altus","url":"https:\/\/wellington-altus.ca\/","logo":{"@type":"ImageObject","inLanguage":"fr-CA","@id":"https:\/\/wellington-altus.ca\/#\/schema\/logo\/image\/","url":"https:\/\/wellington-altus.ca\/wp-content\/uploads\/2020\/09\/WA_Logo_PMS_432C.png","contentUrl":"https:\/\/wellington-altus.ca\/wp-content\/uploads\/2020\/09\/WA_Logo_PMS_432C.png","width":800,"height":246,"caption":"Wellington-Altus"},"image":{"@id":"https:\/\/wellington-altus.ca\/#\/schema\/logo\/image\/"}}]}},"_links":{"self":[{"href":"https:\/\/wellington-altus.ca\/fr\/wp-json\/wp\/v2\/pages\/468","targetHints":{"allow":["GET"]}}],"collection":[{"href":"https:\/\/wellington-altus.ca\/fr\/wp-json\/wp\/v2\/pages"}],"about":[{"href":"https:\/\/wellington-altus.ca\/fr\/wp-json\/wp\/v2\/types\/page"}],"author":[{"embeddable":true,"href":"https:\/\/wellington-altus.ca\/fr\/wp-json\/wp\/v2\/users\/14"}],"replies":[{"embeddable":true,"href":"https:\/\/wellington-altus.ca\/fr\/wp-json\/wp\/v2\/comments?post=468"}],"version-history":[{"count":49,"href":"https:\/\/wellington-altus.ca\/fr\/wp-json\/wp\/v2\/pages\/468\/revisions"}],"predecessor-version":[{"id":9888,"href":"https:\/\/wellington-altus.ca\/fr\/wp-json\/wp\/v2\/pages\/468\/revisions\/9888"}],"up":[{"embeddable":true,"href":"https:\/\/wellington-altus.ca\/fr\/wp-json\/wp\/v2\/pages\/410"}],"wp:featuredmedia":[{"embeddable":true,"href":"https:\/\/wellington-altus.ca\/fr\/wp-json\/wp\/v2\/media\/4038"}],"wp:attachment":[{"href":"https:\/\/wellington-altus.ca\/fr\/wp-json\/wp\/v2\/media?parent=468"}],"curies":[{"name":"wp","href":"https:\/\/api.w.org\/{rel}","templated":true}]}}