{"id":516,"date":"2020-10-13T20:55:51","date_gmt":"2020-10-14T01:55:51","guid":{"rendered":"http:\/\/3.96.13.48\/?page_id=516"},"modified":"2021-12-17T08:51:09","modified_gmt":"2021-12-17T14:51:09","slug":"selecting-an-advisor","status":"publish","type":"page","link":"https:\/\/wellington-altus.ca\/fr\/about\/selecting-an-advisor\/","title":{"rendered":"S\u00e9lection d\u2019un conseiller"},"content":{"rendered":"<div data-elementor-type=\"wp-page\" data-elementor-id=\"516\" class=\"elementor elementor-516\" data-elementor-post-type=\"page\">\n\t\t\t\t\t\t<section class=\"elementor-section elementor-top-section elementor-element elementor-element-20838dc elementor-section-height-min-height elementor-section-content-bottom elementor-section-boxed elementor-section-height-default elementor-section-items-middle\" data-id=\"20838dc\" data-element_type=\"section\" data-e-type=\"section\" data-settings=\"{&quot;background_background&quot;:&quot;gradient&quot;}\">\n\t\t\t\t\t\t\t<div class=\"elementor-background-overlay\"><\/div>\n\t\t\t\t\t\t\t<div class=\"elementor-container elementor-column-gap-default\">\n\t\t\t\t\t<div class=\"elementor-column elementor-col-100 elementor-top-column elementor-element elementor-element-0c75d81\" data-id=\"0c75d81\" data-element_type=\"column\" data-e-type=\"column\">\n\t\t\t<div class=\"elementor-widget-wrap elementor-element-populated\">\n\t\t\t\t\t\t<div class=\"elementor-element elementor-element-0ef3384 elementor-widget elementor-widget-heading\" data-id=\"0ef3384\" data-element_type=\"widget\" data-e-type=\"widget\" data-widget_type=\"heading.default\">\n\t\t\t\t<div class=\"elementor-widget-container\">\n\t\t\t\t\t<h1 class=\"elementor-heading-title elementor-size-default\">S\u00e9lection d\u2019un conseiller<\/h1>\t\t\t\t<\/div>\n\t\t\t\t<\/div>\n\t\t\t\t<div class=\"elementor-element elementor-element-11b967f elementor-widget elementor-widget-text-editor\" data-id=\"11b967f\" data-element_type=\"widget\" data-e-type=\"widget\" data-widget_type=\"text-editor.default\">\n\t\t\t\t<div class=\"elementor-widget-container\">\n\t\t\t\t\t\t\t\t\t<h4>Comment choisir le bon conseiller en placement pour vous.<\/h4>\t\t\t\t\t\t\t\t<\/div>\n\t\t\t\t<\/div>\n\t\t\t\t\t<\/div>\n\t\t<\/div>\n\t\t\t\t\t<\/div>\n\t\t<\/section>\n\t\t\t\t<section class=\"elementor-section elementor-top-section elementor-element elementor-element-dc5d59b elementor-section-boxed elementor-section-height-default elementor-section-height-default\" data-id=\"dc5d59b\" data-element_type=\"section\" data-e-type=\"section\">\n\t\t\t\t\t\t<div class=\"elementor-container elementor-column-gap-wider\">\n\t\t\t\t\t<div class=\"elementor-column elementor-col-50 elementor-top-column elementor-element elementor-element-2daf083\" data-id=\"2daf083\" data-element_type=\"column\" data-e-type=\"column\">\n\t\t\t<div class=\"elementor-widget-wrap elementor-element-populated\">\n\t\t\t\t\t\t<div class=\"elementor-element elementor-element-07a903f elementor-widget elementor-widget-text-editor\" data-id=\"07a903f\" data-element_type=\"widget\" data-e-type=\"widget\" data-widget_type=\"text-editor.default\">\n\t\t\t\t<div class=\"elementor-widget-container\">\n\t\t\t\t\t\t\t\t\tBeaucoup de gens savent qu\u2019ils ont besoin d\u2019un conseiller en placement, mais ne savent pas par o\u00f9 commencer, o\u00f9 aller, ce qui est important ou ce qu\u2019il faut dire.\t\t\t\t\t\t\t\t<\/div>\n\t\t\t\t<\/div>\n\t\t\t\t<div class=\"elementor-element elementor-element-46cf563 elementor-widget elementor-widget-text-editor\" data-id=\"46cf563\" data-element_type=\"widget\" data-e-type=\"widget\" data-widget_type=\"text-editor.default\">\n\t\t\t\t<div class=\"elementor-widget-container\">\n\t\t\t\t\t\t\t\t\t<p>Nos conseils? Posez des questions, beaucoup de questions. Plus vous en demandez, plus vous en apprendrez. Plus vous en apprendrez, plus vous serez en mesure de prendre des d\u00e9cisions importantes \u00e0 votre sujet, au sujet de votre famille et de votre patrimoine.<br \/>Choisissez un conseiller en placement minutieux. Trouvez quelqu\u2019un qui comprend votre situation personnelle et qui vous aidera \u00e0 atteindre vos objectifs de placement, qu\u2019il s\u2019agisse de b\u00e2tir votre patrimoine ou de le pr\u00e9server.<\/p><p>Il y a plusieurs \u00e9l\u00e9ments \u00e0 consid\u00e9rer :<\/p><p><b>La confiance est primordiale lorsque vous travaillez avec un conseiller en placement. <\/b>C\u2019est comme collaborer avec votre m\u00e9decin. Pour obtenir de l\u2019aide, vous devez \u00eatre tout \u00e0 fait honn\u00eate \u00e0 propos de tout, et vous ne pouvez pas le faire si vous ne faites pas confiance \u00e0 la personne avec qui vous collaborez. Cela signifie se sentir \u00e0 l\u2019aise d\u2019avoir des conversations ouvertes et honn\u00eates au sujet de sa famille et de ses finances.<\/p><p><b>Sachez dans quoi votre conseiller en placement excelle.<\/b> Pour \u00eatre humain, il faut comprendre que nous avons tous des forces et des faiblesses, alors demandez \u00e0 votre conseiller en placement de vous en parler. Il s\u2019agit d\u2019aligner les gens qui sont \u00ab compatibles \u00bb sur le plan de la personnalit\u00e9. Comment conna\u00eetre la personne \u00e0 qui vous confiez votre bien-\u00eatre financier si vous ne lui posez pas quelques questions pr\u00e9cises? Assurez-vous de poser des questions \u00e0 votre conseiller en placement au sujet des types de clients qu\u2019il sert, et n\u2019ayez pas peur de demander des r\u00e9f\u00e9rences de clients.<\/p><p><b>Recherchez des conseils impartiaux et des solutions de placement exclusives.<\/b> Certaines institutions financi\u00e8res se limitent \u00e0 offrir certains placements ou produits exclusifs. Id\u00e9alement, vous voulez un conseiller en placement qui est libre de choisir les produits et les services qui refl\u00e8tent vos int\u00e9r\u00eats. Recherchez \u00e9galement un conseiller en placement qui a acc\u00e8s \u00e0 des solutions de placement novatrices et exclusives qui ne sont peut-\u00eatre pas offertes aux investisseurs de d\u00e9tail standards.<\/p><p><b>Pensez \u00e0 la Mayo Clinic.<\/b> La Mayo Clinic compte une arm\u00e9e de sp\u00e9cialistes. Les meilleurs r\u00e9sultats viennent du regroupement de tous les sp\u00e9cialistes qui sont tenus de vous offrir une sant\u00e9 optimale, et non pas du fait de se fier \u00e0 un seul m\u00e9decin qui ne se sp\u00e9cialise en rien. Il en va de m\u00eame pour votre richesse. Votre conseiller en placement a-t-il acc\u00e8s \u00e0 des sp\u00e9cialistes-conseils pour vos besoins particuliers? Demandez le mod\u00e8le de conseil de la Mayo Clinic.<\/p><p><b>Recherchez des communications et des rapports adapt\u00e9s \u00e0 vos besoins.<\/b> Un conseiller en placement doit personnaliser les communications et les rapports en fonction de vos besoins. Dites \u00e0 votre conseiller en placement quelles sont vos pr\u00e9f\u00e9rences en mati\u00e8re de communication et de fr\u00e9quence. Assurez-vous \u00e9galement de lui demander quels types de rapports il peut fournir.<\/p><p><b>Insistez sur une \u00e9quipe de soutien solide.<\/b> Les conseillers en placement qui ont de solides \u00e9quipes de soutien seront en mesure de travailler plus efficacement, ce qui leur permettra de consacrer plus de temps \u00e0 la gestion de votre compte.<\/p>\t\t\t\t\t\t\t\t<\/div>\n\t\t\t\t<\/div>\n\t\t\t\t\t<\/div>\n\t\t<\/div>\n\t\t\t\t<div class=\"elementor-column elementor-col-50 elementor-top-column elementor-element elementor-element-e66e3d7\" data-id=\"e66e3d7\" data-element_type=\"column\" data-e-type=\"column\" data-settings=\"{&quot;background_background&quot;:&quot;classic&quot;}\">\n\t\t\t<div class=\"elementor-widget-wrap elementor-element-populated\">\n\t\t\t\t\t\t<div class=\"elementor-element elementor-element-b8ede6b elementor-widget elementor-widget-image\" data-id=\"b8ede6b\" data-element_type=\"widget\" data-e-type=\"widget\" data-widget_type=\"image.default\">\n\t\t\t\t<div class=\"elementor-widget-container\">\n\t\t\t\t\t\t\t\t\t\t\t\t\t\t\t<img fetchpriority=\"high\" decoding=\"async\" width=\"800\" height=\"534\" src=\"https:\/\/wellington-altus.ca\/wp-content\/uploads\/2020\/11\/family-with-baby-meeting-financial-advisor-at-home-1024x683.jpg\" class=\"attachment-large size-large wp-image-1881\" alt=\"Family With Baby Meeting Financial Advisor At Home\" srcset=\"https:\/\/wellington-altus.ca\/wp-content\/uploads\/2020\/11\/family-with-baby-meeting-financial-advisor-at-home-1024x683.jpg 1024w, https:\/\/wellington-altus.ca\/wp-content\/uploads\/2020\/11\/family-with-baby-meeting-financial-advisor-at-home-300x200.jpg 300w, https:\/\/wellington-altus.ca\/wp-content\/uploads\/2020\/11\/family-with-baby-meeting-financial-advisor-at-home-768x512.jpg 768w, https:\/\/wellington-altus.ca\/wp-content\/uploads\/2020\/11\/family-with-baby-meeting-financial-advisor-at-home-1536x1025.jpg 1536w, https:\/\/wellington-altus.ca\/wp-content\/uploads\/2020\/11\/family-with-baby-meeting-financial-advisor-at-home.jpg 2000w\" sizes=\"(max-width: 800px) 100vw, 800px\" \/>\t\t\t\t\t\t\t\t\t\t\t\t\t\t\t<\/div>\n\t\t\t\t<\/div>\n\t\t\t\t<section class=\"elementor-section elementor-inner-section elementor-element elementor-element-765b338 elementor-section-boxed elementor-section-height-default elementor-section-height-default\" data-id=\"765b338\" data-element_type=\"section\" data-e-type=\"section\">\n\t\t\t\t\t\t<div class=\"elementor-container elementor-column-gap-default\">\n\t\t\t\t\t<div class=\"elementor-column elementor-col-100 elementor-inner-column elementor-element elementor-element-b7b4d66\" data-id=\"b7b4d66\" data-element_type=\"column\" data-e-type=\"column\">\n\t\t\t<div class=\"elementor-widget-wrap elementor-element-populated\">\n\t\t\t\t\t\t<div class=\"elementor-element elementor-element-9b857ac elementor-blockquote--skin-quotation elementor-blockquote--align-left elementor-widget elementor-widget-blockquote\" data-id=\"9b857ac\" data-element_type=\"widget\" data-e-type=\"widget\" data-widget_type=\"blockquote.default\">\n\t\t\t\t<div class=\"elementor-widget-container\">\n\t\t\t\t\t\t\t<blockquote class=\"elementor-blockquote\">\n\t\t\t<p class=\"elementor-blockquote__content\">\n\t\t\t\t\u00ab Nous avons con\u00e7u Wellington-Altus pour avoir tout ce qui, selon nous, manquait dans les autres institutions. Tous nos conseillers sont des associ\u00e9s, l\u2019ensemble de notre plateforme est transparente et \u00e0 la pointe de la technologie, et notre infrastructure est construite pour s\u2019adapter au mod\u00e8le de richesse holistique. \u00bb\t\t\t<\/p>\n\t\t\t\t\t\t\t<div class=\"e-q-footer\">\n\t\t\t\t\t\t\t\t\t\t\t<cite class=\"elementor-blockquote__author\">Todd Degelman, Vice-Chairman &amp; Founder, Senior Investment Advisor<\/cite>\n\t\t\t\t\t\t\t\t\t\t\t\t\t\t<\/div>\n\t\t\t\t\t<\/blockquote>\n\t\t\t\t\t\t<\/div>\n\t\t\t\t<\/div>\n\t\t\t\t\t<\/div>\n\t\t<\/div>\n\t\t\t\t\t<\/div>\n\t\t<\/section>\n\t\t\t\t<div class=\"elementor-element elementor-element-2d74bf0 elementor-widget-divider--view-line elementor-widget elementor-widget-divider\" data-id=\"2d74bf0\" data-element_type=\"widget\" data-e-type=\"widget\" data-widget_type=\"divider.default\">\n\t\t\t\t<div class=\"elementor-widget-container\">\n\t\t\t\t\t\t\t<div class=\"elementor-divider\">\n\t\t\t<span class=\"elementor-divider-separator\">\n\t\t\t\t\t\t<\/span>\n\t\t<\/div>\n\t\t\t\t\t\t<\/div>\n\t\t\t\t<\/div>\n\t\t\t\t<div class=\"elementor-element elementor-element-d70904c elementor-align-center elementor-widget elementor-widget-button\" data-id=\"d70904c\" data-element_type=\"widget\" data-e-type=\"widget\" data-widget_type=\"button.default\">\n\t\t\t\t<div class=\"elementor-widget-container\">\n\t\t\t\t\t\t\t\t\t<div class=\"elementor-button-wrapper\">\n\t\t\t\t\t<a class=\"elementor-button elementor-button-link elementor-size-xl\" href=\"\/fr\/find-an-advisor\/\">\n\t\t\t\t\t\t<span class=\"elementor-button-content-wrapper\">\n\t\t\t\t\t\t<span class=\"elementor-button-icon\">\n\t\t\t\t<i aria-hidden=\"true\" class=\"fas fa-search\"><\/i>\t\t\t<\/span>\n\t\t\t\t\t\t\t\t\t<span class=\"elementor-button-text\">Trouvez un conseiller<\/span>\n\t\t\t\t\t<\/span>\n\t\t\t\t\t<\/a>\n\t\t\t\t<\/div>\n\t\t\t\t\t\t\t\t<\/div>\n\t\t\t\t<\/div>\n\t\t\t\t\t<\/div>\n\t\t<\/div>\n\t\t\t\t\t<\/div>\n\t\t<\/section>\n\t\t\t\t<\/div>","protected":false},"excerpt":{"rendered":"<p>Selecting an Advisor How to choose the right investment advisor for you. Many people know they need an investment advisor but don\u2019t understand where to start, where to go, what\u2019s important or what to say. Our advice? Ask questions\u2014lots of questions. The more you ask, the more you\u2019ll learn. The more you learn, the better [&hellip;]<\/p>\n","protected":false},"author":14,"featured_media":4038,"parent":410,"menu_order":0,"comment_status":"closed","ping_status":"closed","template":"elementor_header_footer","meta":{"_acf_changed":false,"footnotes":""},"class_list":["post-516","page","type-page","status-publish","has-post-thumbnail","hentry"],"acf":[],"yoast_head":"<!-- This site is optimized with the Yoast SEO plugin v27.2 - https:\/\/yoast.com\/product\/yoast-seo-wordpress\/ -->\n<title>Selecting an Advisor - Wellington-Altus<\/title>\n<meta name=\"description\" content=\"Trust is #1 when working with an investment advisor.\" \/>\n<meta name=\"robots\" content=\"index, follow, max-snippet:-1, max-image-preview:large, max-video-preview:-1\" \/>\n<link rel=\"canonical\" href=\"https:\/\/wellington-altus.ca\/fr\/about\/selecting-an-advisor\/\" \/>\n<meta property=\"og:locale\" content=\"fr_CA\" \/>\n<meta property=\"og:type\" content=\"article\" \/>\n<meta property=\"og:title\" content=\"Selecting an Advisor - Wellington-Altus\" \/>\n<meta property=\"og:description\" content=\"Trust is #1 when working with an investment advisor.\" \/>\n<meta property=\"og:url\" content=\"https:\/\/wellington-altus.ca\/fr\/about\/selecting-an-advisor\/\" \/>\n<meta property=\"og:site_name\" content=\"Wellington-Altus\" \/>\n<meta property=\"article:modified_time\" content=\"2021-12-17T14:51:09+00:00\" \/>\n<meta property=\"og:image\" content=\"https:\/\/www.wellington-altus.ca\/wp-content\/uploads\/2021\/10\/WA-Featured-Image.png\" \/>\n\t<meta property=\"og:image:width\" content=\"1200\" \/>\n\t<meta property=\"og:image:height\" content=\"628\" \/>\n\t<meta property=\"og:image:type\" content=\"image\/png\" \/>\n<meta name=\"twitter:card\" content=\"summary_large_image\" \/>\n<meta name=\"twitter:label1\" content=\"Estimation du temps de lecture\" \/>\n\t<meta name=\"twitter:data1\" content=\"3 minutes\" \/>\n<script type=\"application\/ld+json\" class=\"yoast-schema-graph\">{\"@context\":\"https:\/\/schema.org\",\"@graph\":[{\"@type\":\"WebPage\",\"@id\":\"https:\/\/wellington-altus.ca\/about\/selecting-an-advisor\/\",\"url\":\"https:\/\/wellington-altus.ca\/about\/selecting-an-advisor\/\",\"name\":\"Selecting an Advisor - Wellington-Altus\",\"isPartOf\":{\"@id\":\"https:\/\/wellington-altus.ca\/#website\"},\"primaryImageOfPage\":{\"@id\":\"https:\/\/wellington-altus.ca\/about\/selecting-an-advisor\/#primaryimage\"},\"image\":{\"@id\":\"https:\/\/wellington-altus.ca\/about\/selecting-an-advisor\/#primaryimage\"},\"thumbnailUrl\":\"https:\/\/wellington-altus.ca\/wp-content\/uploads\/2021\/10\/WA-Featured-Image.png\",\"datePublished\":\"2020-10-14T01:55:51+00:00\",\"dateModified\":\"2021-12-17T14:51:09+00:00\",\"description\":\"Trust is #1 when working with an investment advisor.\",\"breadcrumb\":{\"@id\":\"https:\/\/wellington-altus.ca\/about\/selecting-an-advisor\/#breadcrumb\"},\"inLanguage\":\"fr-CA\",\"potentialAction\":[{\"@type\":\"ReadAction\",\"target\":[\"https:\/\/wellington-altus.ca\/about\/selecting-an-advisor\/\"]}]},{\"@type\":\"ImageObject\",\"inLanguage\":\"fr-CA\",\"@id\":\"https:\/\/wellington-altus.ca\/about\/selecting-an-advisor\/#primaryimage\",\"url\":\"https:\/\/wellington-altus.ca\/wp-content\/uploads\/2021\/10\/WA-Featured-Image.png\",\"contentUrl\":\"https:\/\/wellington-altus.ca\/wp-content\/uploads\/2021\/10\/WA-Featured-Image.png\",\"width\":1200,\"height\":628,\"caption\":\"Wellington-Altus\"},{\"@type\":\"BreadcrumbList\",\"@id\":\"https:\/\/wellington-altus.ca\/about\/selecting-an-advisor\/#breadcrumb\",\"itemListElement\":[{\"@type\":\"ListItem\",\"position\":1,\"name\":\"Home\",\"item\":\"https:\/\/wellington-altus.ca\/\"},{\"@type\":\"ListItem\",\"position\":2,\"name\":\"About\",\"item\":\"https:\/\/wellington-altus.ca\/about\/\"},{\"@type\":\"ListItem\",\"position\":3,\"name\":\"Selecting an Advisor\"}]},{\"@type\":\"WebSite\",\"@id\":\"https:\/\/wellington-altus.ca\/#website\",\"url\":\"https:\/\/wellington-altus.ca\/\",\"name\":\"Wellington-Altus\",\"description\":\"Independent Private Wealth Management, Holistic Wealth Planning, Investment and Protection\",\"publisher\":{\"@id\":\"https:\/\/wellington-altus.ca\/#organization\"},\"potentialAction\":[{\"@type\":\"SearchAction\",\"target\":{\"@type\":\"EntryPoint\",\"urlTemplate\":\"https:\/\/wellington-altus.ca\/?s={search_term_string}\"},\"query-input\":{\"@type\":\"PropertyValueSpecification\",\"valueRequired\":true,\"valueName\":\"search_term_string\"}}],\"inLanguage\":\"fr-CA\"},{\"@type\":\"Organization\",\"@id\":\"https:\/\/wellington-altus.ca\/#organization\",\"name\":\"Wellington-Altus\",\"url\":\"https:\/\/wellington-altus.ca\/\",\"logo\":{\"@type\":\"ImageObject\",\"inLanguage\":\"fr-CA\",\"@id\":\"https:\/\/wellington-altus.ca\/#\/schema\/logo\/image\/\",\"url\":\"https:\/\/wellington-altus.ca\/wp-content\/uploads\/2020\/09\/WA_Logo_PMS_432C.png\",\"contentUrl\":\"https:\/\/wellington-altus.ca\/wp-content\/uploads\/2020\/09\/WA_Logo_PMS_432C.png\",\"width\":800,\"height\":246,\"caption\":\"Wellington-Altus\"},\"image\":{\"@id\":\"https:\/\/wellington-altus.ca\/#\/schema\/logo\/image\/\"}}]}<\/script>\n<!-- \/ Yoast SEO plugin. -->","yoast_head_json":{"title":"Selecting an Advisor - Wellington-Altus","description":"La confiance est primordiale lorsque vous travaillez avec un conseiller en placement.","robots":{"index":"index","follow":"follow","max-snippet":"max-snippet:-1","max-image-preview":"max-image-preview:large","max-video-preview":"max-video-preview:-1"},"canonical":"https:\/\/wellington-altus.ca\/fr\/about\/selecting-an-advisor\/","og_locale":"fr_CA","og_type":"article","og_title":"Selecting an Advisor - Wellington-Altus","og_description":"Trust is #1 when working with an investment advisor.","og_url":"https:\/\/wellington-altus.ca\/fr\/about\/selecting-an-advisor\/","og_site_name":"Wellington-Altus","article_modified_time":"2021-12-17T14:51:09+00:00","og_image":[{"width":1200,"height":628,"url":"https:\/\/www.wellington-altus.ca\/wp-content\/uploads\/2021\/10\/WA-Featured-Image.png","type":"image\/png"}],"twitter_card":"summary_large_image","twitter_misc":{"Estimation du temps de lecture":"3 minutes"},"schema":{"@context":"https:\/\/schema.org","@graph":[{"@type":"WebPage","@id":"https:\/\/wellington-altus.ca\/about\/selecting-an-advisor\/","url":"https:\/\/wellington-altus.ca\/about\/selecting-an-advisor\/","name":"Selecting an Advisor - Wellington-Altus","isPartOf":{"@id":"https:\/\/wellington-altus.ca\/#website"},"primaryImageOfPage":{"@id":"https:\/\/wellington-altus.ca\/about\/selecting-an-advisor\/#primaryimage"},"image":{"@id":"https:\/\/wellington-altus.ca\/about\/selecting-an-advisor\/#primaryimage"},"thumbnailUrl":"https:\/\/wellington-altus.ca\/wp-content\/uploads\/2021\/10\/WA-Featured-Image.png","datePublished":"2020-10-14T01:55:51+00:00","dateModified":"2021-12-17T14:51:09+00:00","description":"La confiance est primordiale lorsque vous travaillez avec un conseiller en placement.","breadcrumb":{"@id":"https:\/\/wellington-altus.ca\/about\/selecting-an-advisor\/#breadcrumb"},"inLanguage":"fr-CA","potentialAction":[{"@type":"ReadAction","target":["https:\/\/wellington-altus.ca\/about\/selecting-an-advisor\/"]}]},{"@type":"ImageObject","inLanguage":"fr-CA","@id":"https:\/\/wellington-altus.ca\/about\/selecting-an-advisor\/#primaryimage","url":"https:\/\/wellington-altus.ca\/wp-content\/uploads\/2021\/10\/WA-Featured-Image.png","contentUrl":"https:\/\/wellington-altus.ca\/wp-content\/uploads\/2021\/10\/WA-Featured-Image.png","width":1200,"height":628,"caption":"Wellington-Altus"},{"@type":"BreadcrumbList","@id":"https:\/\/wellington-altus.ca\/about\/selecting-an-advisor\/#breadcrumb","itemListElement":[{"@type":"ListItem","position":1,"name":"Home","item":"https:\/\/wellington-altus.ca\/"},{"@type":"ListItem","position":2,"name":"About","item":"https:\/\/wellington-altus.ca\/about\/"},{"@type":"ListItem","position":3,"name":"Selecting an Advisor"}]},{"@type":"WebSite","@id":"https:\/\/wellington-altus.ca\/#website","url":"https:\/\/wellington-altus.ca\/","name":"Wellington-Altus","description":"Independent Private Wealth Management, Holistic Wealth Planning, Investment and Protection","publisher":{"@id":"https:\/\/wellington-altus.ca\/#organization"},"potentialAction":[{"@type":"SearchAction","target":{"@type":"EntryPoint","urlTemplate":"https:\/\/wellington-altus.ca\/?s={search_term_string}"},"query-input":{"@type":"PropertyValueSpecification","valueRequired":true,"valueName":"search_term_string"}}],"inLanguage":"fr-CA"},{"@type":"Organization","@id":"https:\/\/wellington-altus.ca\/#organization","name":"Wellington-Altus","url":"https:\/\/wellington-altus.ca\/","logo":{"@type":"ImageObject","inLanguage":"fr-CA","@id":"https:\/\/wellington-altus.ca\/#\/schema\/logo\/image\/","url":"https:\/\/wellington-altus.ca\/wp-content\/uploads\/2020\/09\/WA_Logo_PMS_432C.png","contentUrl":"https:\/\/wellington-altus.ca\/wp-content\/uploads\/2020\/09\/WA_Logo_PMS_432C.png","width":800,"height":246,"caption":"Wellington-Altus"},"image":{"@id":"https:\/\/wellington-altus.ca\/#\/schema\/logo\/image\/"}}]}},"_links":{"self":[{"href":"https:\/\/wellington-altus.ca\/fr\/wp-json\/wp\/v2\/pages\/516","targetHints":{"allow":["GET"]}}],"collection":[{"href":"https:\/\/wellington-altus.ca\/fr\/wp-json\/wp\/v2\/pages"}],"about":[{"href":"https:\/\/wellington-altus.ca\/fr\/wp-json\/wp\/v2\/types\/page"}],"author":[{"embeddable":true,"href":"https:\/\/wellington-altus.ca\/fr\/wp-json\/wp\/v2\/users\/14"}],"replies":[{"embeddable":true,"href":"https:\/\/wellington-altus.ca\/fr\/wp-json\/wp\/v2\/comments?post=516"}],"version-history":[{"count":54,"href":"https:\/\/wellington-altus.ca\/fr\/wp-json\/wp\/v2\/pages\/516\/revisions"}],"predecessor-version":[{"id":4272,"href":"https:\/\/wellington-altus.ca\/fr\/wp-json\/wp\/v2\/pages\/516\/revisions\/4272"}],"up":[{"embeddable":true,"href":"https:\/\/wellington-altus.ca\/fr\/wp-json\/wp\/v2\/pages\/410"}],"wp:featuredmedia":[{"embeddable":true,"href":"https:\/\/wellington-altus.ca\/fr\/wp-json\/wp\/v2\/media\/4038"}],"wp:attachment":[{"href":"https:\/\/wellington-altus.ca\/fr\/wp-json\/wp\/v2\/media?parent=516"}],"curies":[{"name":"wp","href":"https:\/\/api.w.org\/{rel}","templated":true}]}}