{"id":810,"date":"2020-10-29T13:13:40","date_gmt":"2020-10-29T18:13:40","guid":{"rendered":"http:\/\/3.96.13.48\/?page_id=810"},"modified":"2025-10-14T11:00:03","modified_gmt":"2025-10-14T15:00:03","slug":"contact-us","status":"publish","type":"page","link":"https:\/\/wellington-altus.ca\/fr\/contact-us\/","title":{"rendered":"Contactez-nous"},"content":{"rendered":"\t\t<div data-elementor-type=\"wp-page\" data-elementor-id=\"810\" class=\"elementor elementor-810\" data-elementor-post-type=\"page\">\n\t\t\t\t\t\t<section class=\"elementor-section elementor-top-section elementor-element elementor-element-5887be1 elementor-section-height-min-height elementor-section-content-bottom elementor-section-boxed elementor-section-height-default elementor-section-items-middle\" data-id=\"5887be1\" data-element_type=\"section\" data-e-type=\"section\" data-settings=\"{&quot;background_background&quot;:&quot;gradient&quot;}\">\n\t\t\t\t\t\t\t<div class=\"elementor-background-overlay\"><\/div>\n\t\t\t\t\t\t\t<div class=\"elementor-container elementor-column-gap-default\">\n\t\t\t\t\t<div class=\"elementor-column elementor-col-100 elementor-top-column elementor-element elementor-element-d2f3d2a\" data-id=\"d2f3d2a\" data-element_type=\"column\" data-e-type=\"column\">\n\t\t\t<div class=\"elementor-widget-wrap elementor-element-populated\">\n\t\t\t\t\t\t<div class=\"elementor-element elementor-element-e8c94c8 elementor-widget elementor-widget-heading\" data-id=\"e8c94c8\" data-element_type=\"widget\" data-e-type=\"widget\" data-widget_type=\"heading.default\">\n\t\t\t\t<div class=\"elementor-widget-container\">\n\t\t\t\t\t<h1 class=\"elementor-heading-title elementor-size-default\">Contact Us<\/h1>\t\t\t\t<\/div>\n\t\t\t\t<\/div>\n\t\t\t\t<div class=\"elementor-element elementor-element-a9d7ceb elementor-widget elementor-widget-text-editor\" data-id=\"a9d7ceb\" data-element_type=\"widget\" data-e-type=\"widget\" data-widget_type=\"text-editor.default\">\n\t\t\t\t<div class=\"elementor-widget-container\">\n\t\t\t\t\t\t\t\t\t<p>It\u2019s easy to get in touch with us.<br \/>We look forward to receiving your questions and inquiries.<\/p>\t\t\t\t\t\t\t\t<\/div>\n\t\t\t\t<\/div>\n\t\t\t\t\t<\/div>\n\t\t<\/div>\n\t\t\t\t\t<\/div>\n\t\t<\/section>\n\t\t\t\t<section class=\"elementor-section elementor-top-section elementor-element elementor-element-dc5d59b elementor-section-boxed elementor-section-height-default elementor-section-height-default\" data-id=\"dc5d59b\" data-element_type=\"section\" data-e-type=\"section\">\n\t\t\t\t\t\t<div class=\"elementor-container elementor-column-gap-wider\">\n\t\t\t\t\t<div class=\"elementor-column elementor-col-50 elementor-top-column elementor-element elementor-element-2daf083\" data-id=\"2daf083\" data-element_type=\"column\" data-e-type=\"column\">\n\t\t\t<div class=\"elementor-widget-wrap elementor-element-populated\">\n\t\t\t\t\t\t<div class=\"elementor-element elementor-element-61c6ca0 elementor-widget elementor-widget-heading\" data-id=\"61c6ca0\" data-element_type=\"widget\" data-e-type=\"widget\" data-widget_type=\"heading.default\">\n\t\t\t\t<div class=\"elementor-widget-container\">\n\t\t\t\t\t<h2 class=\"elementor-heading-title elementor-size-default\">Get in touch<\/h2>\t\t\t\t<\/div>\n\t\t\t\t<\/div>\n\t\t\t\t<div class=\"elementor-element elementor-element-07a903f elementor-widget elementor-widget-text-editor\" data-id=\"07a903f\" data-element_type=\"widget\" data-e-type=\"widget\" data-widget_type=\"text-editor.default\">\n\t\t\t\t<div class=\"elementor-widget-container\">\n\t\t\t\t\t\t\t\t\t<p>Please fill out the information below.<\/p>\t\t\t\t\t\t\t\t<\/div>\n\t\t\t\t<\/div>\n\t\t\t\t<div class=\"elementor-element elementor-element-0172424 elementor-button-align-stretch elementor-widget elementor-widget-form\" data-id=\"0172424\" data-element_type=\"widget\" data-e-type=\"widget\" data-settings=\"{&quot;step_next_label&quot;:&quot;Next&quot;,&quot;step_previous_label&quot;:&quot;Previous&quot;,&quot;button_width&quot;:&quot;50&quot;,&quot;step_type&quot;:&quot;number_text&quot;,&quot;step_icon_shape&quot;:&quot;circle&quot;}\" data-widget_type=\"form.default\">\n\t\t\t\t<div class=\"elementor-widget-container\">\n\t\t\t\t\t\t\t<form class=\"elementor-form\" method=\"post\" name=\"New Form\" aria-label=\"New Form\">\n\t\t\t<input type=\"hidden\" name=\"post_id\" value=\"810\"\/>\n\t\t\t<input type=\"hidden\" name=\"form_id\" value=\"0172424\"\/>\n\t\t\t<input type=\"hidden\" name=\"referer_title\" value=\"Wellington-Altus\" \/>\n\n\t\t\t\n\t\t\t<div class=\"elementor-form-fields-wrapper elementor-labels-above\">\n\t\t\t\t\t\t\t\t<div class=\"elementor-field-type-text elementor-field-group elementor-column elementor-field-group-name elementor-col-100 elementor-field-required elementor-mark-required\">\n\t\t\t\t\t\t\t\t\t\t\t\t<label for=\"form-field-name\" class=\"elementor-field-label\">\n\t\t\t\t\t\t\t\tName\t\t\t\t\t\t\t<\/label>\n\t\t\t\t\t\t\t\t\t\t\t\t\t\t<input size=\"1\" type=\"text\" name=\"form_fields[name]\" id=\"form-field-name\" class=\"elementor-field elementor-size-sm  elementor-field-textual\" required=\"required\">\n\t\t\t\t\t\t\t\t\t\t\t<\/div>\n\t\t\t\t\t\t\t\t<div class=\"elementor-field-type-email elementor-field-group elementor-column elementor-field-group-email elementor-col-100 elementor-field-required elementor-mark-required\">\n\t\t\t\t\t\t\t\t\t\t\t\t<label for=\"form-field-email\" class=\"elementor-field-label\">\n\t\t\t\t\t\t\t\tEmail\t\t\t\t\t\t\t<\/label>\n\t\t\t\t\t\t\t\t\t\t\t\t\t\t<input size=\"1\" type=\"email\" name=\"form_fields[email]\" id=\"form-field-email\" class=\"elementor-field elementor-size-sm  elementor-field-textual\" required=\"required\">\n\t\t\t\t\t\t\t\t\t\t\t<\/div>\n\t\t\t\t\t\t\t\t<div class=\"elementor-field-type-tel elementor-field-group elementor-column elementor-field-group-field_d2e2dee elementor-col-100\">\n\t\t\t\t\t\t\t\t\t\t\t\t<label for=\"form-field-field_d2e2dee\" class=\"elementor-field-label\">\n\t\t\t\t\t\t\t\tPhone\t\t\t\t\t\t\t<\/label>\n\t\t\t\t\t\t\t\t<input size=\"1\" type=\"tel\" name=\"form_fields[field_d2e2dee]\" id=\"form-field-field_d2e2dee\" class=\"elementor-field elementor-size-sm  elementor-field-textual\" pattern=\"[0-9()#&amp;+*-=.]+\" title=\"Seuls les caract\u00e8res de num\u00e9ros de t\u00e9l\u00e9phone (#, -, *, etc.) sont accept\u00e9s.\">\n\n\t\t\t\t\t\t<\/div>\n\t\t\t\t\t\t\t\t<div class=\"elementor-field-type-text elementor-field-group elementor-column elementor-field-group-field_6aaec0a elementor-col-100 elementor-field-required elementor-mark-required\">\n\t\t\t\t\t\t\t\t\t\t\t\t<label for=\"form-field-field_6aaec0a\" class=\"elementor-field-label\">\n\t\t\t\t\t\t\t\tCity \/ Town\t\t\t\t\t\t\t<\/label>\n\t\t\t\t\t\t\t\t\t\t\t\t\t\t<input size=\"1\" type=\"text\" name=\"form_fields[field_6aaec0a]\" id=\"form-field-field_6aaec0a\" class=\"elementor-field elementor-size-sm  elementor-field-textual\" required=\"required\">\n\t\t\t\t\t\t\t\t\t\t\t<\/div>\n\t\t\t\t\t\t\t\t<div class=\"elementor-field-type-text elementor-field-group elementor-column elementor-field-group-field_8d846b5 elementor-col-100\">\n\t\t\t\t\t\t\t\t\t\t\t\t<label for=\"form-field-field_8d846b5\" class=\"elementor-field-label\">\n\t\t\t\t\t\t\t\tProfession\t\t\t\t\t\t\t<\/label>\n\t\t\t\t\t\t\t\t\t\t\t\t\t\t<input size=\"1\" type=\"text\" name=\"form_fields[field_8d846b5]\" id=\"form-field-field_8d846b5\" class=\"elementor-field elementor-size-sm  elementor-field-textual\">\n\t\t\t\t\t\t\t\t\t\t\t<\/div>\n\t\t\t\t\t\t\t\t<div class=\"elementor-field-type-radio elementor-field-group elementor-column elementor-field-group-field_dc9c4b2 elementor-col-100\">\n\t\t\t\t\t\t\t\t\t\t\t\t<label for=\"form-field-field_dc9c4b2\" class=\"elementor-field-label\">\n\t\t\t\t\t\t\t\tThe best way to reach you:\t\t\t\t\t\t\t<\/label>\n\t\t\t\t\t\t<div class=\"elementor-field-subgroup  elementor-subgroup-inline\"><span class=\"elementor-field-option\"><input type=\"radio\" value=\"Email\" id=\"form-field-field_dc9c4b2-0\" name=\"form_fields[field_dc9c4b2]\"> <label for=\"form-field-field_dc9c4b2-0\">Email<\/label><\/span><span class=\"elementor-field-option\"><input type=\"radio\" value=\"Phone\" id=\"form-field-field_dc9c4b2-1\" name=\"form_fields[field_dc9c4b2]\"> <label for=\"form-field-field_dc9c4b2-1\">Phone<\/label><\/span><\/div>\t\t\t\t<\/div>\n\t\t\t\t\t\t\t\t<div class=\"elementor-field-type-checkbox elementor-field-group elementor-column elementor-field-group-field_4c1b9ca elementor-col-100\">\n\t\t\t\t\t\t\t\t\t\t\t\t<label for=\"form-field-field_4c1b9ca\" class=\"elementor-field-label\">\n\t\t\t\t\t\t\t\tThe best time of day to reach you:\t\t\t\t\t\t\t<\/label>\n\t\t\t\t\t\t<div class=\"elementor-field-subgroup  \"><span class=\"elementor-field-option\"><input type=\"checkbox\" value=\"Morning\" id=\"form-field-field_4c1b9ca-0\" name=\"form_fields[field_4c1b9ca][]\"> <label for=\"form-field-field_4c1b9ca-0\">Morning<\/label><\/span><span class=\"elementor-field-option\"><input type=\"checkbox\" value=\"Afternoon\" id=\"form-field-field_4c1b9ca-1\" name=\"form_fields[field_4c1b9ca][]\"> <label for=\"form-field-field_4c1b9ca-1\">Afternoon<\/label><\/span><span class=\"elementor-field-option\"><input type=\"checkbox\" value=\"Evening\" id=\"form-field-field_4c1b9ca-2\" name=\"form_fields[field_4c1b9ca][]\"> <label for=\"form-field-field_4c1b9ca-2\">Evening<\/label><\/span><\/div>\t\t\t\t<\/div>\n\t\t\t\t\t\t\t\t<div class=\"elementor-field-type-textarea elementor-field-group elementor-column elementor-field-group-message elementor-col-100 elementor-field-required elementor-mark-required\">\n\t\t\t\t\t\t\t\t\t\t\t\t<label for=\"form-field-message\" class=\"elementor-field-label\">\n\t\t\t\t\t\t\t\tMessage\t\t\t\t\t\t\t<\/label>\n\t\t\t\t\t\t<textarea class=\"elementor-field-textual elementor-field  elementor-size-sm\" name=\"form_fields[message]\" id=\"form-field-message\" rows=\"4\" required=\"required\"><\/textarea>\t\t\t\t<\/div>\n\t\t\t\t\t\t\t\t<div class=\"elementor-field-type-recaptcha_v3 elementor-field-group elementor-column elementor-field-group-field_95f8034 elementor-col-100 recaptcha_v3-bottomright\">\n\t\t\t\t\t<div class=\"elementor-field\" id=\"form-field-field_95f8034\"><div class=\"elementor-g-recaptcha\" data-sitekey=\"6LcxTrcdAAAAAF3rwn8kx0aYDSZgT1LimCiqog_1\" data-type=\"v3\" data-action=\"Form\" data-badge=\"bottomright\" data-size=\"invisible\"><\/div><\/div>\t\t\t\t<\/div>\n\t\t\t\t\t\t\t\t<div class=\"elementor-field-group elementor-column elementor-field-type-submit elementor-col-50 e-form__buttons\">\n\t\t\t\t\t<button class=\"elementor-button elementor-size-sm\" type=\"submit\">\n\t\t\t\t\t\t<span class=\"elementor-button-content-wrapper\">\n\t\t\t\t\t\t\t\t\t\t\t\t\t\t\t\t\t\t\t\t\t\t<span class=\"elementor-button-text\">Send<\/span>\n\t\t\t\t\t\t\t\t\t\t\t\t\t<\/span>\n\t\t\t\t\t<\/button>\n\t\t\t\t<\/div>\n\t\t\t<\/div>\n\t\t<\/form>\n\t\t\t\t\t\t<\/div>\n\t\t\t\t<\/div>\n\t\t\t\t\t<\/div>\n\t\t<\/div>\n\t\t\t\t<div class=\"elementor-column elementor-col-50 elementor-top-column elementor-element elementor-element-f0a76b6\" data-id=\"f0a76b6\" data-element_type=\"column\" data-e-type=\"column\" data-settings=\"{&quot;background_background&quot;:&quot;classic&quot;}\">\n\t\t\t<div class=\"elementor-widget-wrap elementor-element-populated\">\n\t\t\t\t\t\t<div class=\"elementor-element elementor-element-281ceec elementor-widget elementor-widget-heading\" data-id=\"281ceec\" data-element_type=\"widget\" data-e-type=\"widget\" data-widget_type=\"heading.default\">\n\t\t\t\t<div class=\"elementor-widget-container\">\n\t\t\t\t\t<h2 class=\"elementor-heading-title elementor-size-default\">Online Account Access<\/h2>\t\t\t\t<\/div>\n\t\t\t\t<\/div>\n\t\t\t\t<div class=\"elementor-element elementor-element-515b53c elementor-widget elementor-widget-text-editor\" data-id=\"515b53c\" data-element_type=\"widget\" data-e-type=\"widget\" data-widget_type=\"text-editor.default\">\n\t\t\t\t<div class=\"elementor-widget-container\">\n\t\t\t\t\t\t\t\t\t<p><strong>Having problems viewing your account online or resetting your password?<\/strong><\/p><p>Your investment advisor will be happy to help you. If you don\u2019t have your investment advisor\u2019s contact information handy, you can find it easily with our <strong><a style=\"color: black;\" href=\"\/find-an-advisor\/\"><span style=\"text-decoration: underline;\">Find an Advisor<\/span><\/a><\/strong> tool.<\/p><p>If you\u2019d like to subscribe to our Online Account Access service, which provides you with electronic access to your account details and timely information, your investment advisor would be pleased to assist you.<\/p>\t\t\t\t\t\t\t\t<\/div>\n\t\t\t\t<\/div>\n\t\t\t\t<div class=\"elementor-element elementor-element-0c436b6 elementor-widget elementor-widget-heading\" data-id=\"0c436b6\" data-element_type=\"widget\" data-e-type=\"widget\" data-widget_type=\"heading.default\">\n\t\t\t\t<div class=\"elementor-widget-container\">\n\t\t\t\t\t<h2 class=\"elementor-heading-title elementor-size-default\">All Other Inquiries<\/h2>\t\t\t\t<\/div>\n\t\t\t\t<\/div>\n\t\t\t\t<div class=\"elementor-element elementor-element-a6f40a7 elementor-widget elementor-widget-text-editor\" data-id=\"a6f40a7\" data-element_type=\"widget\" data-e-type=\"widget\" data-widget_type=\"text-editor.default\">\n\t\t\t\t<div class=\"elementor-widget-container\">\n\t\t\t\t\t\t\t\t\tFor all other inquiries, please email us at <span style=\"text-decoration: underline;\"><strong><a style=\"color: black;\" href=\"mailto:client.support@wellington-altus.ca\">client.support@wellington-altus.ca<\/a><\/strong><\/span>.\n\nPlease note that this email is checked Monday to Friday, from 9 a.m. to 5 p.m. EST.\t\t\t\t\t\t\t\t<\/div>\n\t\t\t\t<\/div>\n\t\t\t\t\t<\/div>\n\t\t<\/div>\n\t\t\t\t\t<\/div>\n\t\t<\/section>\n\t\t\t\t<\/div>\n\t\t","protected":false},"excerpt":{"rendered":"<p>Contact Us It\u2019s easy to get in touch with us.We look forward to receiving your questions and inquiries. Get in touch Please fill out the information below. Online Account Access Having problems viewing your account online or resetting your password? Your investment advisor will be happy to help you. If you don\u2019t have your investment [&hellip;]<\/p>\n","protected":false},"author":14,"featured_media":4038,"parent":0,"menu_order":0,"comment_status":"closed","ping_status":"closed","template":"elementor_header_footer","meta":{"_acf_changed":false,"footnotes":""},"class_list":["post-810","page","type-page","status-publish","has-post-thumbnail","hentry"],"acf":[],"yoast_head":"<!-- This site is optimized with the Yoast SEO plugin v27.2 - https:\/\/yoast.com\/product\/yoast-seo-wordpress\/ -->\n<title>Contact Us - Wellington-Altus<\/title>\n<meta name=\"robots\" content=\"index, follow, max-snippet:-1, max-image-preview:large, max-video-preview:-1\" \/>\n<link rel=\"canonical\" href=\"https:\/\/wellington-altus.ca\/fr\/contact-us\/\" \/>\n<meta property=\"og:locale\" content=\"fr_CA\" \/>\n<meta property=\"og:type\" content=\"article\" \/>\n<meta property=\"og:title\" content=\"Contact Us - Wellington-Altus\" \/>\n<meta property=\"og:description\" content=\"Contact Us It\u2019s easy to get in touch with us.We look forward to receiving your questions and inquiries. Get in touch Please fill out the information below. Online Account Access Having problems viewing your account online or resetting your password? Your investment advisor will be happy to help you. If you don\u2019t have your investment [&hellip;]\" \/>\n<meta property=\"og:url\" content=\"https:\/\/wellington-altus.ca\/fr\/contact-us\/\" \/>\n<meta property=\"og:site_name\" content=\"Wellington-Altus\" \/>\n<meta property=\"article:modified_time\" content=\"2025-10-14T15:00:03+00:00\" \/>\n<meta property=\"og:image\" content=\"https:\/\/wellington-altus.ca\/wp-content\/uploads\/2021\/10\/WA-Featured-Image.png\" \/>\n\t<meta property=\"og:image:width\" content=\"1200\" \/>\n\t<meta property=\"og:image:height\" content=\"628\" \/>\n\t<meta property=\"og:image:type\" content=\"image\/png\" \/>\n<meta name=\"twitter:card\" content=\"summary_large_image\" \/>\n<meta name=\"twitter:label1\" content=\"Estimation du temps de lecture\" \/>\n\t<meta name=\"twitter:data1\" content=\"1 minute\" \/>\n<script type=\"application\/ld+json\" class=\"yoast-schema-graph\">{\"@context\":\"https:\/\/schema.org\",\"@graph\":[{\"@type\":\"WebPage\",\"@id\":\"https:\/\/wellington-altus.ca\/contact-us\/\",\"url\":\"https:\/\/wellington-altus.ca\/contact-us\/\",\"name\":\"Contact Us - Wellington-Altus\",\"isPartOf\":{\"@id\":\"https:\/\/wellington-altus.ca\/#website\"},\"primaryImageOfPage\":{\"@id\":\"https:\/\/wellington-altus.ca\/contact-us\/#primaryimage\"},\"image\":{\"@id\":\"https:\/\/wellington-altus.ca\/contact-us\/#primaryimage\"},\"thumbnailUrl\":\"https:\/\/wellington-altus.ca\/wp-content\/uploads\/2021\/10\/WA-Featured-Image.png\",\"datePublished\":\"2020-10-29T18:13:40+00:00\",\"dateModified\":\"2025-10-14T15:00:03+00:00\",\"breadcrumb\":{\"@id\":\"https:\/\/wellington-altus.ca\/contact-us\/#breadcrumb\"},\"inLanguage\":\"fr-CA\",\"potentialAction\":[{\"@type\":\"ReadAction\",\"target\":[\"https:\/\/wellington-altus.ca\/contact-us\/\"]}]},{\"@type\":\"ImageObject\",\"inLanguage\":\"fr-CA\",\"@id\":\"https:\/\/wellington-altus.ca\/contact-us\/#primaryimage\",\"url\":\"https:\/\/wellington-altus.ca\/wp-content\/uploads\/2021\/10\/WA-Featured-Image.png\",\"contentUrl\":\"https:\/\/wellington-altus.ca\/wp-content\/uploads\/2021\/10\/WA-Featured-Image.png\",\"width\":1200,\"height\":628,\"caption\":\"Wellington-Altus\"},{\"@type\":\"BreadcrumbList\",\"@id\":\"https:\/\/wellington-altus.ca\/contact-us\/#breadcrumb\",\"itemListElement\":[{\"@type\":\"ListItem\",\"position\":1,\"name\":\"Home\",\"item\":\"https:\/\/wellington-altus.ca\/\"},{\"@type\":\"ListItem\",\"position\":2,\"name\":\"Contact Us\"}]},{\"@type\":\"WebSite\",\"@id\":\"https:\/\/wellington-altus.ca\/#website\",\"url\":\"https:\/\/wellington-altus.ca\/\",\"name\":\"Wellington-Altus\",\"description\":\"Independent Private Wealth Management, Holistic Wealth Planning, Investment and Protection\",\"publisher\":{\"@id\":\"https:\/\/wellington-altus.ca\/#organization\"},\"potentialAction\":[{\"@type\":\"SearchAction\",\"target\":{\"@type\":\"EntryPoint\",\"urlTemplate\":\"https:\/\/wellington-altus.ca\/?s={search_term_string}\"},\"query-input\":{\"@type\":\"PropertyValueSpecification\",\"valueRequired\":true,\"valueName\":\"search_term_string\"}}],\"inLanguage\":\"fr-CA\"},{\"@type\":\"Organization\",\"@id\":\"https:\/\/wellington-altus.ca\/#organization\",\"name\":\"Wellington-Altus\",\"url\":\"https:\/\/wellington-altus.ca\/\",\"logo\":{\"@type\":\"ImageObject\",\"inLanguage\":\"fr-CA\",\"@id\":\"https:\/\/wellington-altus.ca\/#\/schema\/logo\/image\/\",\"url\":\"https:\/\/wellington-altus.ca\/wp-content\/uploads\/2020\/09\/WA_Logo_PMS_432C.png\",\"contentUrl\":\"https:\/\/wellington-altus.ca\/wp-content\/uploads\/2020\/09\/WA_Logo_PMS_432C.png\",\"width\":800,\"height\":246,\"caption\":\"Wellington-Altus\"},\"image\":{\"@id\":\"https:\/\/wellington-altus.ca\/#\/schema\/logo\/image\/\"}}]}<\/script>\n<!-- \/ Yoast SEO plugin. -->","yoast_head_json":{"title":"Contact Us - Wellington-Altus","robots":{"index":"index","follow":"follow","max-snippet":"max-snippet:-1","max-image-preview":"max-image-preview:large","max-video-preview":"max-video-preview:-1"},"canonical":"https:\/\/wellington-altus.ca\/fr\/contact-us\/","og_locale":"fr_CA","og_type":"article","og_title":"Contact Us - Wellington-Altus","og_description":"Contact Us It\u2019s easy to get in touch with us.We look forward to receiving your questions and inquiries. Get in touch Please fill out the information below. Online Account Access Having problems viewing your account online or resetting your password? Your investment advisor will be happy to help you. If you don\u2019t have your investment [&hellip;]","og_url":"https:\/\/wellington-altus.ca\/fr\/contact-us\/","og_site_name":"Wellington-Altus","article_modified_time":"2025-10-14T15:00:03+00:00","og_image":[{"width":1200,"height":628,"url":"https:\/\/wellington-altus.ca\/wp-content\/uploads\/2021\/10\/WA-Featured-Image.png","type":"image\/png"}],"twitter_card":"summary_large_image","twitter_misc":{"Estimation du temps de lecture":"1 minute"},"schema":{"@context":"https:\/\/schema.org","@graph":[{"@type":"WebPage","@id":"https:\/\/wellington-altus.ca\/contact-us\/","url":"https:\/\/wellington-altus.ca\/contact-us\/","name":"Contact Us - Wellington-Altus","isPartOf":{"@id":"https:\/\/wellington-altus.ca\/#website"},"primaryImageOfPage":{"@id":"https:\/\/wellington-altus.ca\/contact-us\/#primaryimage"},"image":{"@id":"https:\/\/wellington-altus.ca\/contact-us\/#primaryimage"},"thumbnailUrl":"https:\/\/wellington-altus.ca\/wp-content\/uploads\/2021\/10\/WA-Featured-Image.png","datePublished":"2020-10-29T18:13:40+00:00","dateModified":"2025-10-14T15:00:03+00:00","breadcrumb":{"@id":"https:\/\/wellington-altus.ca\/contact-us\/#breadcrumb"},"inLanguage":"fr-CA","potentialAction":[{"@type":"ReadAction","target":["https:\/\/wellington-altus.ca\/contact-us\/"]}]},{"@type":"ImageObject","inLanguage":"fr-CA","@id":"https:\/\/wellington-altus.ca\/contact-us\/#primaryimage","url":"https:\/\/wellington-altus.ca\/wp-content\/uploads\/2021\/10\/WA-Featured-Image.png","contentUrl":"https:\/\/wellington-altus.ca\/wp-content\/uploads\/2021\/10\/WA-Featured-Image.png","width":1200,"height":628,"caption":"Wellington-Altus"},{"@type":"BreadcrumbList","@id":"https:\/\/wellington-altus.ca\/contact-us\/#breadcrumb","itemListElement":[{"@type":"ListItem","position":1,"name":"Home","item":"https:\/\/wellington-altus.ca\/"},{"@type":"ListItem","position":2,"name":"Contact Us"}]},{"@type":"WebSite","@id":"https:\/\/wellington-altus.ca\/#website","url":"https:\/\/wellington-altus.ca\/","name":"Wellington-Altus","description":"Independent Private Wealth Management, Holistic Wealth Planning, Investment and Protection","publisher":{"@id":"https:\/\/wellington-altus.ca\/#organization"},"potentialAction":[{"@type":"SearchAction","target":{"@type":"EntryPoint","urlTemplate":"https:\/\/wellington-altus.ca\/?s={search_term_string}"},"query-input":{"@type":"PropertyValueSpecification","valueRequired":true,"valueName":"search_term_string"}}],"inLanguage":"fr-CA"},{"@type":"Organization","@id":"https:\/\/wellington-altus.ca\/#organization","name":"Wellington-Altus","url":"https:\/\/wellington-altus.ca\/","logo":{"@type":"ImageObject","inLanguage":"fr-CA","@id":"https:\/\/wellington-altus.ca\/#\/schema\/logo\/image\/","url":"https:\/\/wellington-altus.ca\/wp-content\/uploads\/2020\/09\/WA_Logo_PMS_432C.png","contentUrl":"https:\/\/wellington-altus.ca\/wp-content\/uploads\/2020\/09\/WA_Logo_PMS_432C.png","width":800,"height":246,"caption":"Wellington-Altus"},"image":{"@id":"https:\/\/wellington-altus.ca\/#\/schema\/logo\/image\/"}}]}},"_links":{"self":[{"href":"https:\/\/wellington-altus.ca\/fr\/wp-json\/wp\/v2\/pages\/810","targetHints":{"allow":["GET"]}}],"collection":[{"href":"https:\/\/wellington-altus.ca\/fr\/wp-json\/wp\/v2\/pages"}],"about":[{"href":"https:\/\/wellington-altus.ca\/fr\/wp-json\/wp\/v2\/types\/page"}],"author":[{"embeddable":true,"href":"https:\/\/wellington-altus.ca\/fr\/wp-json\/wp\/v2\/users\/14"}],"replies":[{"embeddable":true,"href":"https:\/\/wellington-altus.ca\/fr\/wp-json\/wp\/v2\/comments?post=810"}],"version-history":[{"count":161,"href":"https:\/\/wellington-altus.ca\/fr\/wp-json\/wp\/v2\/pages\/810\/revisions"}],"predecessor-version":[{"id":13555,"href":"https:\/\/wellington-altus.ca\/fr\/wp-json\/wp\/v2\/pages\/810\/revisions\/13555"}],"wp:featuredmedia":[{"embeddable":true,"href":"https:\/\/wellington-altus.ca\/fr\/wp-json\/wp\/v2\/media\/4038"}],"wp:attachment":[{"href":"https:\/\/wellington-altus.ca\/fr\/wp-json\/wp\/v2\/media?parent=810"}],"curies":[{"name":"wp","href":"https:\/\/api.w.org\/{rel}","templated":true}]}}